{"id":222,"date":"2025-06-18T11:48:07","date_gmt":"2025-06-18T16:48:07","guid":{"rendered":"https:\/\/fundacionkairos.org\/?page_id=222"},"modified":"2025-09-02T13:23:02","modified_gmt":"2025-09-02T18:23:02","slug":"quienes-somos","status":"publish","type":"page","link":"https:\/\/fundacionkairos.org\/en\/quienes-somos\/","title":{"rendered":"Who we are"},"content":{"rendered":"<div data-elementor-type=\"wp-page\" data-elementor-id=\"222\" class=\"elementor elementor-222\" data-elementor-post-type=\"page\">\n\t\t\t\t<div class=\"elementor-element elementor-element-464303c e-con-full e-flex e-con e-parent\" data-id=\"464303c\" data-element_type=\"container\" data-settings=\"{&quot;background_background&quot;:&quot;classic&quot;}\">\n\t\t\t\t<div class=\"elementor-element elementor-element-66866a4 elementor-widget elementor-widget-heading\" data-id=\"66866a4\" data-element_type=\"widget\" data-widget_type=\"heading.default\">\n\t\t\t\t<div class=\"elementor-widget-container\">\n\t\t\t\t\t<h1 class=\"elementor-heading-title elementor-size-default\">Who are we?<\/h1>\t\t\t\t<\/div>\n\t\t\t\t<\/div>\n\t\t\t\t<\/div>\n\t\t<div class=\"elementor-element elementor-element-e620192 e-flex e-con-boxed e-con e-parent\" data-id=\"e620192\" data-element_type=\"container\">\n\t\t\t\t\t<div class=\"e-con-inner\">\n\t\t\t\t<div class=\"elementor-element elementor-element-3e824b7 elementor-widget elementor-widget-text-editor\" data-id=\"3e824b7\" data-element_type=\"widget\" data-widget_type=\"text-editor.default\">\n\t\t\t\t<div class=\"elementor-widget-container\">\n\t\t\t\t\t\t\t\t\t<p>The Kair\u00f3s Foundation was created with the aim of offering a time of hope, a life of grace, a better quality of life, especially to children and youth who find themselves in situations of abandonment, abuse and social risk.<\/p>\t\t\t\t\t\t\t\t<\/div>\n\t\t\t\t<\/div>\n\t\t\t\t\t<\/div>\n\t\t\t\t<\/div>\n\t\t<div class=\"elementor-element elementor-element-d45061c e-con-full e-flex e-con e-parent\" data-id=\"d45061c\" data-element_type=\"container\" data-settings=\"{&quot;background_background&quot;:&quot;classic&quot;}\">\n\t\t<div class=\"elementor-element elementor-element-0367776 e-con-full e-flex e-con e-child\" data-id=\"0367776\" data-element_type=\"container\" data-settings=\"{&quot;background_background&quot;:&quot;classic&quot;}\">\n\t\t<div class=\"elementor-element elementor-element-c4e1d8e e-con-full e-flex e-con e-child\" data-id=\"c4e1d8e\" data-element_type=\"container\">\n\t\t\t\t<div class=\"elementor-element elementor-element-190d13f elementor-view-default elementor-widget elementor-widget-icon\" data-id=\"190d13f\" data-element_type=\"widget\" data-widget_type=\"icon.default\">\n\t\t\t\t<div class=\"elementor-widget-container\">\n\t\t\t\t\t\t\t<div class=\"elementor-icon-wrapper\">\n\t\t\t<div class=\"elementor-icon\">\n\t\t\t<svg aria-hidden=\"true\" class=\"e-font-icon-svg e-fas-book-reader\" viewbox=\"0 0 512 512\" xmlns=\"http:\/\/www.w3.org\/2000\/svg\"><path d=\"M352 96c0-53.02-42.98-96-96-96s-96 42.98-96 96 42.98 96 96 96 96-42.98 96-96zM233.59 241.1c-59.33-36.32-155.43-46.3-203.79-49.05C13.55 191.13 0 203.51 0 219.14v222.8c0 14.33 11.59 26.28 26.49 27.05 43.66 2.29 131.99 10.68 193.04 41.43 9.37 4.72 20.48-1.71 20.48-11.87V252.56c-.01-4.67-2.32-8.95-6.42-11.46zm248.61-49.05c-48.35 2.74-144.46 12.73-203.78 49.05-4.1 2.51-6.41 6.96-6.41 11.63v245.79c0 10.19 11.14 16.63 20.54 11.9 61.04-30.72 149.32-39.11 192.97-41.4 14.9-.78 26.49-12.73 26.49-27.06V219.14c-.01-15.63-13.56-28.01-29.81-27.09z\"><\/path><\/svg>\t\t\t<\/div>\n\t\t<\/div>\n\t\t\t\t\t\t<\/div>\n\t\t\t\t<\/div>\n\t\t\t\t<div class=\"elementor-element elementor-element-4e0aebb elementor-widget elementor-widget-counter\" data-id=\"4e0aebb\" data-element_type=\"widget\" data-widget_type=\"counter.default\">\n\t\t\t\t<div class=\"elementor-widget-container\">\n\t\t\t\t\t\t\t<div class=\"elementor-counter\">\n\t\t\t<div class=\"elementor-counter-title\">Students<\/div>\t\t\t<div class=\"elementor-counter-number-wrapper\">\n\t\t\t\t<span class=\"elementor-counter-number-prefix\"><\/span>\n\t\t\t\t<span class=\"elementor-counter-number\" data-duration=\"2000\" data-to-value=\"25000\" data-from-value=\"0\" data-delimiter=\",\">0<\/span>\n\t\t\t\t<span class=\"elementor-counter-number-suffix\">+<\/span>\n\t\t\t<\/div>\n\t\t<\/div>\n\t\t\t\t\t\t<\/div>\n\t\t\t\t<\/div>\n\t\t\t\t<\/div>\n\t\t<div class=\"elementor-element elementor-element-2716451 e-con-full e-flex e-con e-child\" data-id=\"2716451\" data-element_type=\"container\">\n\t\t\t\t<div class=\"elementor-element elementor-element-7cddaca elementor-view-default elementor-widget elementor-widget-icon\" data-id=\"7cddaca\" data-element_type=\"widget\" data-widget_type=\"icon.default\">\n\t\t\t\t<div class=\"elementor-widget-container\">\n\t\t\t\t\t\t\t<div class=\"elementor-icon-wrapper\">\n\t\t\t<div class=\"elementor-icon\">\n\t\t\t<svg aria-hidden=\"true\" class=\"e-font-icon-svg e-fas-hand-holding-medical\" viewbox=\"0 0 576 512\" xmlns=\"http:\/\/www.w3.org\/2000\/svg\"><path d=\"M159.88,175.82h64v64a16,16,0,0,0,16,16h64a16,16,0,0,0,16-16v-64h64a16,16,0,0,0,16-16v-64a16,16,0,0,0-16-16h-64v-64a16,16,0,0,0-16-16h-64a16,16,0,0,0-16,16v64h-64a16,16,0,0,0-16,16v64A16,16,0,0,0,159.88,175.82ZM568.07,336.13a39.91,39.91,0,0,0-55.93-8.47L392.47,415.84H271.86a16,16,0,0,1,0-32H350.1c16,0,30.75-10.87,33.37-26.61a32.06,32.06,0,0,0-31.62-37.38h-160a117.7,117.7,0,0,0-74.12,26.25l-46.5,37.74H15.87a16.11,16.11,0,0,0-16,16v96a16.11,16.11,0,0,0,16,16h347a104.8,104.8,0,0,0,61.7-20.27L559.6,392A40,40,0,0,0,568.07,336.13Z\"><\/path><\/svg>\t\t\t<\/div>\n\t\t<\/div>\n\t\t\t\t\t\t<\/div>\n\t\t\t\t<\/div>\n\t\t\t\t<div class=\"elementor-element elementor-element-b7d757d elementor-widget elementor-widget-counter\" data-id=\"b7d757d\" data-element_type=\"widget\" data-widget_type=\"counter.default\">\n\t\t\t\t<div class=\"elementor-widget-container\">\n\t\t\t\t\t\t\t<div class=\"elementor-counter\">\n\t\t\t<div class=\"elementor-counter-title\">Years of experience<\/div>\t\t\t<div class=\"elementor-counter-number-wrapper\">\n\t\t\t\t<span class=\"elementor-counter-number-prefix\"><\/span>\n\t\t\t\t<span class=\"elementor-counter-number\" data-duration=\"2000\" data-to-value=\"20\" data-from-value=\"0\" data-delimiter=\",\">0<\/span>\n\t\t\t\t<span class=\"elementor-counter-number-suffix\">+<\/span>\n\t\t\t<\/div>\n\t\t<\/div>\n\t\t\t\t\t\t<\/div>\n\t\t\t\t<\/div>\n\t\t\t\t<\/div>\n\t\t<div class=\"elementor-element elementor-element-b99d8c9 e-con-full e-flex e-con e-child\" data-id=\"b99d8c9\" data-element_type=\"container\">\n\t\t\t\t<div class=\"elementor-element elementor-element-b29c44b elementor-view-default elementor-widget elementor-widget-icon\" data-id=\"b29c44b\" data-element_type=\"widget\" data-widget_type=\"icon.default\">\n\t\t\t\t<div class=\"elementor-widget-container\">\n\t\t\t\t\t\t\t<div class=\"elementor-icon-wrapper\">\n\t\t\t<div class=\"elementor-icon\">\n\t\t\t<svg aria-hidden=\"true\" class=\"e-font-icon-svg e-fas-hands-helping\" viewbox=\"0 0 640 512\" xmlns=\"http:\/\/www.w3.org\/2000\/svg\"><path d=\"M488 192H336v56c0 39.7-32.3 72-72 72s-72-32.3-72-72V126.4l-64.9 39C107.8 176.9 96 197.8 96 220.2v47.3l-80 46.2C.7 322.5-4.6 342.1 4.3 357.4l80 138.6c8.8 15.3 28.4 20.5 43.7 11.7L231.4 448H368c35.3 0 64-28.7 64-64h16c17.7 0 32-14.3 32-32v-64h8c13.3 0 24-10.7 24-24v-48c0-13.3-10.7-24-24-24zm147.7-37.4L555.7 16C546.9.7 527.3-4.5 512 4.3L408.6 64H306.4c-12 0-23.7 3.4-33.9 9.7L239 94.6c-9.4 5.8-15 16.1-15 27.1V248c0 22.1 17.9 40 40 40s40-17.9 40-40v-88h184c30.9 0 56 25.1 56 56v28.5l80-46.2c15.3-8.9 20.5-28.4 11.7-43.7z\"><\/path><\/svg>\t\t\t<\/div>\n\t\t<\/div>\n\t\t\t\t\t\t<\/div>\n\t\t\t\t<\/div>\n\t\t\t\t<div class=\"elementor-element elementor-element-e45f83d elementor-widget elementor-widget-counter\" data-id=\"e45f83d\" data-element_type=\"widget\" data-widget_type=\"counter.default\">\n\t\t\t\t<div class=\"elementor-widget-container\">\n\t\t\t\t\t\t\t<div class=\"elementor-counter\">\n\t\t\t<div class=\"elementor-counter-title\">People served<\/div>\t\t\t<div class=\"elementor-counter-number-wrapper\">\n\t\t\t\t<span class=\"elementor-counter-number-prefix\"><\/span>\n\t\t\t\t<span class=\"elementor-counter-number\" data-duration=\"2000\" data-to-value=\"5000\" data-from-value=\"0\" data-delimiter=\",\">0<\/span>\n\t\t\t\t<span class=\"elementor-counter-number-suffix\">+<\/span>\n\t\t\t<\/div>\n\t\t<\/div>\n\t\t\t\t\t\t<\/div>\n\t\t\t\t<\/div>\n\t\t\t\t<\/div>\n\t\t\t\t<\/div>\n\t\t\t\t<\/div>\n\t\t<div class=\"elementor-element elementor-element-c1a3a54 e-flex e-con-boxed e-con e-parent\" data-id=\"c1a3a54\" data-element_type=\"container\">\n\t\t\t\t\t<div class=\"e-con-inner\">\n\t\t<div class=\"elementor-element elementor-element-952ce6f e-con-full e-flex e-con e-child\" data-id=\"952ce6f\" data-element_type=\"container\">\n\t\t<div class=\"elementor-element elementor-element-e12dad0 e-con-full e-flex e-con e-child\" data-id=\"e12dad0\" data-element_type=\"container\">\n\t\t\t\t<div class=\"elementor-element elementor-element-1a4c5da elementor-invisible elementor-widget elementor-widget-image\" data-id=\"1a4c5da\" data-element_type=\"widget\" data-settings=\"{&quot;_animation&quot;:&quot;fadeInLeft&quot;}\" data-widget_type=\"image.default\">\n\t\t\t\t<div class=\"elementor-widget-container\">\n\t\t\t\t\t\t\t\t\t\t\t\t\t\t\t<img fetchpriority=\"high\" decoding=\"async\" width=\"703\" height=\"428\" src=\"https:\/\/fundacionkairos.org\/wp-content\/uploads\/2025\/06\/escuela-ninos.png\" class=\"attachment-large size-large wp-image-235\" alt=\"\" srcset=\"https:\/\/fundacionkairos.org\/wp-content\/uploads\/2025\/06\/escuela-ninos.png 703w, https:\/\/fundacionkairos.org\/wp-content\/uploads\/2025\/06\/escuela-ninos-300x183.png 300w\" sizes=\"(max-width: 703px) 100vw, 703px\" \/>\t\t\t\t\t\t\t\t\t\t\t\t\t\t\t<\/div>\n\t\t\t\t<\/div>\n\t\t\t\t<\/div>\n\t\t<div class=\"elementor-element elementor-element-014e3b7 e-con-full e-flex e-con e-child\" data-id=\"014e3b7\" data-element_type=\"container\">\n\t\t\t\t<div class=\"elementor-element elementor-element-85ee38e elementor-widget elementor-widget-heading\" data-id=\"85ee38e\" data-element_type=\"widget\" data-widget_type=\"heading.default\">\n\t\t\t\t<div class=\"elementor-widget-container\">\n\t\t\t\t\t<h2 class=\"elementor-heading-title elementor-size-default\">Identity<\/h2>\t\t\t\t<\/div>\n\t\t\t\t<\/div>\n\t\t\t\t<div class=\"elementor-element elementor-element-c430137 elementor-widget elementor-widget-text-editor\" data-id=\"c430137\" data-element_type=\"widget\" data-widget_type=\"text-editor.default\">\n\t\t\t\t<div class=\"elementor-widget-container\">\n\t\t\t\t\t\t\t\t\t<p>The identity of every organization is related to the name given to it, in this case <b>Kair\u00f3s <\/b>In its etymology it is of Greek origin: <b>\u03ba\u03b1\u03b9\u03c1\u03cc\u03c2<\/b>, which refers to qualitative time, which is lived intensely and is significant and transformative. Furthermore, in Christian theology, Kairos is referred to as the \"time of God,\" of grace, of hope, that is, the moment in which God acts. Therefore, the Foundation identifies itself as that <b>place of hope<\/b> where every action transforms the lives of the people who have the opportunity to come into contact with it.<\/p>\t\t\t\t\t\t\t\t<\/div>\n\t\t\t\t<\/div>\n\t\t\t\t<\/div>\n\t\t\t\t<\/div>\n\t\t\t\t\t<\/div>\n\t\t\t\t<\/div>\n\t\t<div class=\"elementor-element elementor-element-5f52bf5 e-flex e-con-boxed e-con e-parent\" data-id=\"5f52bf5\" data-element_type=\"container\">\n\t\t\t\t\t<div class=\"e-con-inner\">\n\t\t<div class=\"elementor-element elementor-element-bad15b5 e-con-full e-flex e-con e-child\" data-id=\"bad15b5\" data-element_type=\"container\">\n\t\t<div class=\"elementor-element elementor-element-4e80856 e-con-full e-flex e-con e-child\" data-id=\"4e80856\" data-element_type=\"container\">\n\t\t\t\t<div class=\"elementor-element elementor-element-582bbb4 elementor-invisible elementor-widget elementor-widget-heading\" data-id=\"582bbb4\" data-element_type=\"widget\" data-settings=\"{&quot;_animation&quot;:&quot;fadeInRight&quot;}\" data-widget_type=\"heading.default\">\n\t\t\t\t<div class=\"elementor-widget-container\">\n\t\t\t\t\t<h2 class=\"elementor-heading-title elementor-size-default\">Mission<\/h2>\t\t\t\t<\/div>\n\t\t\t\t<\/div>\n\t\t\t\t<div class=\"elementor-element elementor-element-dbe6a79 elementor-widget elementor-widget-text-editor\" data-id=\"dbe6a79\" data-element_type=\"widget\" data-widget_type=\"text-editor.default\">\n\t\t\t\t<div class=\"elementor-widget-container\">\n\t\t\t\t\t\t\t\t\t<p>Contribute to the comprehensive protection of children, adolescents, and families, especially those from the most vulnerable and excluded groups in society and the family; strengthening their capacities and generating opportunities to improve their living conditions by eradicating ignorance through education and values.<\/p>\t\t\t\t\t\t\t\t<\/div>\n\t\t\t\t<\/div>\n\t\t\t\t<\/div>\n\t\t<div class=\"elementor-element elementor-element-60bfb8c e-con-full e-flex e-con e-child\" data-id=\"60bfb8c\" data-element_type=\"container\">\n\t\t\t\t<div class=\"elementor-element elementor-element-5521974 elementor-invisible elementor-widget elementor-widget-heading\" data-id=\"5521974\" data-element_type=\"widget\" data-settings=\"{&quot;_animation&quot;:&quot;fadeInRight&quot;}\" data-widget_type=\"heading.default\">\n\t\t\t\t<div class=\"elementor-widget-container\">\n\t\t\t\t\t<h2 class=\"elementor-heading-title elementor-size-default\">Vision<\/h2>\t\t\t\t<\/div>\n\t\t\t\t<\/div>\n\t\t\t\t<div class=\"elementor-element elementor-element-0d5ffc7 elementor-widget elementor-widget-text-editor\" data-id=\"0d5ffc7\" data-element_type=\"widget\" data-widget_type=\"text-editor.default\">\n\t\t\t\t<div class=\"elementor-widget-container\">\n\t\t\t\t\t\t\t\t\t<p>That each person, by virtue of their dignity and equality, is capable of being responsible for their own integral development.<\/p>\t\t\t\t\t\t\t\t<\/div>\n\t\t\t\t<\/div>\n\t\t\t\t<\/div>\n\t\t<div class=\"elementor-element elementor-element-711428f e-con-full e-flex e-con e-child\" data-id=\"711428f\" data-element_type=\"container\">\n\t\t\t\t<div class=\"elementor-element elementor-element-6987643 elementor-invisible elementor-widget elementor-widget-heading\" data-id=\"6987643\" data-element_type=\"widget\" data-settings=\"{&quot;_animation&quot;:&quot;fadeInRight&quot;}\" data-widget_type=\"heading.default\">\n\t\t\t\t<div class=\"elementor-widget-container\">\n\t\t\t\t\t<h2 class=\"elementor-heading-title elementor-size-default\">Institutional objective<\/h2>\t\t\t\t<\/div>\n\t\t\t\t<\/div>\n\t\t\t\t<div class=\"elementor-element elementor-element-62926cf elementor-widget elementor-widget-text-editor\" data-id=\"62926cf\" data-element_type=\"widget\" data-widget_type=\"text-editor.default\">\n\t\t\t\t<div class=\"elementor-widget-container\">\n\t\t\t\t\t\t\t\t\t<p>Facilitate the social integration process for minors, young people, and families experiencing conflict, HIV\/AIDS, sexual abuse, neglect, mistreatment, and\/or social risk through various social intervention programs.<\/p>\t\t\t\t\t\t\t\t<\/div>\n\t\t\t\t<\/div>\n\t\t\t\t<\/div>\n\t\t\t\t<\/div>\n\t\t\t\t\t<\/div>\n\t\t\t\t<\/div>\n\t\t<div class=\"elementor-element elementor-element-f937a88 e-flex e-con-boxed e-con e-parent\" data-id=\"f937a88\" data-element_type=\"container\">\n\t\t\t\t\t<div class=\"e-con-inner\">\n\t\t<div class=\"elementor-element elementor-element-a9a5352 e-con-full e-flex e-con e-child\" data-id=\"a9a5352\" data-element_type=\"container\">\n\t\t<div class=\"elementor-element elementor-element-0dfa76b e-con-full e-flex e-con e-child\" data-id=\"0dfa76b\" data-element_type=\"container\">\n\t\t\t\t<div class=\"elementor-element elementor-element-2c6c871 elementor-invisible elementor-widget elementor-widget-heading\" data-id=\"2c6c871\" data-element_type=\"widget\" data-settings=\"{&quot;_animation&quot;:&quot;fadeInRight&quot;}\" data-widget_type=\"heading.default\">\n\t\t\t\t<div class=\"elementor-widget-container\">\n\t\t\t\t\t<h2 class=\"elementor-heading-title elementor-size-default\">Institutional Principles<\/h2>\t\t\t\t<\/div>\n\t\t\t\t<\/div>\n\t\t\t\t<div class=\"elementor-element elementor-element-57587ee elementor-widget elementor-widget-text-editor\" data-id=\"57587ee\" data-element_type=\"widget\" data-widget_type=\"text-editor.default\">\n\t\t\t\t<div class=\"elementor-widget-container\">\n\t\t\t\t\t\t\t\t\t<ul><li>Respect for dignity.<\/li><li>Equity.<\/li><li>Stake.<\/li><li>Sustainability.<\/li><\/ul>\t\t\t\t\t\t\t\t<\/div>\n\t\t\t\t<\/div>\n\t\t\t\t<\/div>\n\t\t<div class=\"elementor-element elementor-element-70891e1 e-con-full e-flex e-con e-child\" data-id=\"70891e1\" data-element_type=\"container\">\n\t\t\t\t<div class=\"elementor-element elementor-element-7f0bd6b elementor-invisible elementor-widget elementor-widget-heading\" data-id=\"7f0bd6b\" data-element_type=\"widget\" data-settings=\"{&quot;_animation&quot;:&quot;fadeInRight&quot;}\" data-widget_type=\"heading.default\">\n\t\t\t\t<div class=\"elementor-widget-container\">\n\t\t\t\t\t<h2 class=\"elementor-heading-title elementor-size-default\">Valores Institucionales<\/h2>\t\t\t\t<\/div>\n\t\t\t\t<\/div>\n\t\t\t\t<div class=\"elementor-element elementor-element-38a4546 elementor-widget elementor-widget-text-editor\" data-id=\"38a4546\" data-element_type=\"widget\" data-widget_type=\"text-editor.default\">\n\t\t\t\t<div class=\"elementor-widget-container\">\n\t\t\t\t\t\t\t\t\t<ol><li><strong>Commitment<\/strong> with the most vulnerable communities.<\/li><li><strong>Transparency<\/strong> in all areas of work.<\/li><li><strong>Professionalism<\/strong> de los equipos t\u00e9cnicos.<\/li><li>The <strong>solidarity<\/strong>, as a firm determination to work for justice, in an organized and persevering manner, for the dignified life of the poorest people.<\/li><li>The <strong>volunteering<\/strong> as a culture of service and free service, as an alternative to competitiveness and economics.<\/li><li>The <strong>austerity<\/strong> in spending and consumption, oriented towards sharing and the development of sustainable lifestyles.<\/li><\/ol>\t\t\t\t\t\t\t\t<\/div>\n\t\t\t\t<\/div>\n\t\t\t\t<\/div>\n\t\t\t\t<\/div>\n\t\t\t\t\t<\/div>\n\t\t\t\t<\/div>\n\t\t<div class=\"elementor-element elementor-element-a8dcae8 e-con-full e-flex e-con e-parent\" data-id=\"a8dcae8\" data-element_type=\"container\" data-settings=\"{&quot;background_background&quot;:&quot;classic&quot;}\">\n\t\t<div class=\"elementor-element elementor-element-eebc6c4 e-flex e-con-boxed e-con e-child\" data-id=\"eebc6c4\" data-element_type=\"container\">\n\t\t\t\t\t<div class=\"e-con-inner\">\n\t\t<div class=\"elementor-element elementor-element-1bba168 e-con-full e-flex e-con e-child\" data-id=\"1bba168\" data-element_type=\"container\">\n\t\t\t\t<div class=\"elementor-element elementor-element-5c0dac6 elementor-invisible elementor-widget elementor-widget-heading\" data-id=\"5c0dac6\" data-element_type=\"widget\" data-settings=\"{&quot;_animation&quot;:&quot;fadeInRight&quot;}\" data-widget_type=\"heading.default\">\n\t\t\t\t<div class=\"elementor-widget-container\">\n\t\t\t\t\t<h2 class=\"elementor-heading-title elementor-size-default\">Profile of the Kair\u00f3s Foundation graduate<\/h2>\t\t\t\t<\/div>\n\t\t\t\t<\/div>\n\t\t\t\t<div class=\"elementor-element elementor-element-7a70607 elementor-widget elementor-widget-text-editor\" data-id=\"7a70607\" data-element_type=\"widget\" data-widget_type=\"text-editor.default\">\n\t\t\t\t<div class=\"elementor-widget-container\">\n\t\t\t\t\t\t\t\t\t<p>It means being a supportive citizen, one who gives back to society what he has done, under the principle of not doing what he doesn't want done to him, that is, doing for others what has been done for him. (Father Simon)<\/p>\t\t\t\t\t\t\t\t<\/div>\n\t\t\t\t<\/div>\n\t\t\t\t<\/div>\n\t\t\t\t\t<\/div>\n\t\t\t\t<\/div>\n\t\t\t\t<\/div>\n\t\t<div class=\"elementor-element elementor-element-55ac820 e-flex e-con-boxed e-con e-parent\" data-id=\"55ac820\" data-element_type=\"container\">\n\t\t\t\t\t<div class=\"e-con-inner\">\n\t\t<div class=\"elementor-element elementor-element-6781b4b e-con-full e-flex e-con e-child\" data-id=\"6781b4b\" data-element_type=\"container\">\n\t\t<div class=\"elementor-element elementor-element-f8eef59 e-con-full e-flex e-con e-child\" data-id=\"f8eef59\" data-element_type=\"container\">\n\t\t\t\t<div class=\"elementor-element elementor-element-c3bdf0b elementor-invisible elementor-widget elementor-widget-heading\" data-id=\"c3bdf0b\" data-element_type=\"widget\" data-settings=\"{&quot;_animation&quot;:&quot;fadeInRight&quot;}\" data-widget_type=\"heading.default\">\n\t\t\t\t<div class=\"elementor-widget-container\">\n\t\t\t\t\t<h2 class=\"elementor-heading-title elementor-size-default\">Organization chart<\/h2>\t\t\t\t<\/div>\n\t\t\t\t<\/div>\n\t\t\t\t<div class=\"elementor-element elementor-element-24f1aa5 elementor-widget elementor-widget-image\" data-id=\"24f1aa5\" data-element_type=\"widget\" data-widget_type=\"image.default\">\n\t\t\t\t<div class=\"elementor-widget-container\">\n\t\t\t\t\t\t\t\t\t\t\t\t\t\t\t\t<a href=\"https:\/\/fundacionkairos.org\/wp-content\/uploads\/2025\/06\/organigrama-ingles-scaled.png\" data-elementor-open-lightbox=\"yes\" data-elementor-lightbox-title=\"organigrama\" data-e-action-hash=\"#elementor-action%3Aaction%3Dlightbox%26settings%3DeyJpZCI6MzM5LCJ1cmwiOiJodHRwczpcL1wvZnVuZGFjaW9ua2Fpcm9zLm9yZ1wvd3AtY29udGVudFwvdXBsb2Fkc1wvMjAyNVwvMDZcL29yZ2FuaWdyYW1hLXNjYWxlZC5wbmcifQ%3D%3D\">\n\t\t\t\t\t\t\t<img decoding=\"async\" width=\"2560\" height=\"1280\" src=\"https:\/\/fundacionkairos.org\/wp-content\/uploads\/2025\/06\/organigrama-ingles-scaled.png\" class=\"attachment-full size-full wp-image-339\" alt=\"\" srcset=\"https:\/\/fundacionkairos.org\/wp-content\/uploads\/2025\/06\/organigrama-ingles-scaled.png 2560w, https:\/\/fundacionkairos.org\/wp-content\/uploads\/2025\/06\/organigrama-ingles-300x150.png 300w, https:\/\/fundacionkairos.org\/wp-content\/uploads\/2025\/06\/organigrama-ingles-1024x512.png 1024w, https:\/\/fundacionkairos.org\/wp-content\/uploads\/2025\/06\/organigrama-ingles-768x384.png 768w, https:\/\/fundacionkairos.org\/wp-content\/uploads\/2025\/06\/organigrama-ingles-1536x768.png 1536w, https:\/\/fundacionkairos.org\/wp-content\/uploads\/2025\/06\/organigrama-ingles-2048x1024.png 2048w, https:\/\/fundacionkairos.org\/wp-content\/uploads\/2025\/06\/organigrama-ingles-18x9.png 18w\" sizes=\"(max-width: 2560px) 100vw, 2560px\" \/>\t\t\t\t\t\t\t\t<\/a>\n\t\t\t\t\t\t\t\t\t\t\t\t\t\t\t<\/div>\n\t\t\t\t<\/div>\n\t\t\t\t<\/div>\n\t\t\t\t<\/div>\n\t\t\t\t\t<\/div>\n\t\t\t\t<\/div>\n\t\t\t\t<\/div>","protected":false},"excerpt":{"rendered":"<p>\u00bfQui\u00e9nes somos? La Fundaci\u00f3n Kair\u00f3s surge con el prop\u00f3sito de ofrecer un tiempo de esperanza, una vida de gracia, una calidad de vida mejor, especialmente a la ni\u00f1ez, y juventud que se encuentran en situaci\u00f3n de abandono\u00a0 maltrato y riesgo social. Estudiantes 0 + A\u00f1os de experiencia 0 + Personas atendidas 0 + Identidad La [&hellip;]<\/p>","protected":false},"author":1,"featured_media":0,"parent":0,"menu_order":0,"comment_status":"closed","ping_status":"closed","template":"elementor_header_footer","meta":{"footnotes":""},"class_list":["post-222","page","type-page","status-publish","hentry"],"_links":{"self":[{"href":"https:\/\/fundacionkairos.org\/en\/wp-json\/wp\/v2\/pages\/222","targetHints":{"allow":["GET"]}}],"collection":[{"href":"https:\/\/fundacionkairos.org\/en\/wp-json\/wp\/v2\/pages"}],"about":[{"href":"https:\/\/fundacionkairos.org\/en\/wp-json\/wp\/v2\/types\/page"}],"author":[{"embeddable":true,"href":"https:\/\/fundacionkairos.org\/en\/wp-json\/wp\/v2\/users\/1"}],"replies":[{"embeddable":true,"href":"https:\/\/fundacionkairos.org\/en\/wp-json\/wp\/v2\/comments?post=222"}],"version-history":[{"count":37,"href":"https:\/\/fundacionkairos.org\/en\/wp-json\/wp\/v2\/pages\/222\/revisions"}],"predecessor-version":[{"id":955,"href":"https:\/\/fundacionkairos.org\/en\/wp-json\/wp\/v2\/pages\/222\/revisions\/955"}],"wp:attachment":[{"href":"https:\/\/fundacionkairos.org\/en\/wp-json\/wp\/v2\/media?parent=222"}],"curies":[{"name":"wp","href":"https:\/\/api.w.org\/{rel}","templated":true}]}}