{"id":298,"date":"2025-06-18T13:48:17","date_gmt":"2025-06-18T18:48:17","guid":{"rendered":"https:\/\/fundacionkairos.org\/?page_id=298"},"modified":"2025-09-02T13:14:19","modified_gmt":"2025-09-02T18:14:19","slug":"departamento-de-proyectos","status":"publish","type":"page","link":"https:\/\/fundacionkairos.org\/en\/departamento-de-proyectos\/","title":{"rendered":"Project Department"},"content":{"rendered":"<div data-elementor-type=\"wp-page\" data-elementor-id=\"298\" class=\"elementor elementor-298\" data-elementor-post-type=\"page\">\n\t\t\t\t<div class=\"elementor-element elementor-element-06c13b8 e-con-full e-flex e-con e-parent\" data-id=\"06c13b8\" data-element_type=\"container\" data-settings=\"{&quot;background_background&quot;:&quot;classic&quot;}\">\n\t\t\t\t<div class=\"elementor-element elementor-element-fe0407f elementor-widget elementor-widget-heading\" data-id=\"fe0407f\" data-element_type=\"widget\" data-widget_type=\"heading.default\">\n\t\t\t\t<div class=\"elementor-widget-container\">\n\t\t\t\t\t<h1 class=\"elementor-heading-title elementor-size-default\">Project Department<\/h1>\t\t\t\t<\/div>\n\t\t\t\t<\/div>\n\t\t\t\t<\/div>\n\t\t<div class=\"elementor-element elementor-element-58ab8d5 e-flex e-con-boxed e-con e-parent\" data-id=\"58ab8d5\" data-element_type=\"container\">\n\t\t\t\t\t<div class=\"e-con-inner\">\n\t\t\t\t<div class=\"elementor-element elementor-element-64b784c elementor-widget elementor-widget-text-editor\" data-id=\"64b784c\" data-element_type=\"widget\" data-widget_type=\"text-editor.default\">\n\t\t\t\t<div class=\"elementor-widget-container\">\n\t\t\t\t\t\t\t\t\t<p>The <strong>Project Department<\/strong> The Kair\u00f3s Foundation is the strategic core responsible for planning, designing, executing, and evaluating initiatives that promote the comprehensive development of children and adolescents in vulnerable situations, as well as those at social risk. It focuses on <strong>an approach focused on social impact<\/strong>, translating the Foundation's mission into concrete and sustainable actions, coordinating human, technical, and financial resources to maximize results and transform realities. To achieve this, it works closely with partners, sponsors, volunteers, and other departments to ensure that each project responds relevantly and effectively to the identified needs.<\/p><p>In addition to <strong>coordinate<\/strong> the technical and operational management of projects, <strong>drives<\/strong> social innovation, rigorous monitoring of indicators, and transparent accountability. Its work is not limited to meeting goals but seeks to generate replicable and scalable models that strengthen the social fabric and enhance community empowerment. In this regard, the Projects Department <strong>It consolidates itself as a platform for transformation, hope and concrete action<\/strong> within the Kair\u00f3s Foundation.<\/p>\t\t\t\t\t\t\t\t<\/div>\n\t\t\t\t<\/div>\n\t\t\t\t\t<\/div>\n\t\t\t\t<\/div>\n\t\t<div class=\"elementor-element elementor-element-99c04b8 e-flex e-con-boxed e-con e-parent\" data-id=\"99c04b8\" data-element_type=\"container\">\n\t\t\t\t\t<div class=\"e-con-inner\">\n\t\t\t\t<div class=\"elementor-element elementor-element-ae97881 elementor-widget elementor-widget-heading\" data-id=\"ae97881\" data-element_type=\"widget\" data-widget_type=\"heading.default\">\n\t\t\t\t<div class=\"elementor-widget-container\">\n\t\t\t\t\t<h2 class=\"elementor-heading-title elementor-size-default\">Objectives<\/h2>\t\t\t\t<\/div>\n\t\t\t\t<\/div>\n\t\t\t\t<div class=\"elementor-element elementor-element-1c90de5 elementor-widget elementor-widget-text-editor\" data-id=\"1c90de5\" data-element_type=\"widget\" data-widget_type=\"text-editor.default\">\n\t\t\t\t<div class=\"elementor-widget-container\">\n\t\t\t\t\t\t\t\t\t<ol><li><strong>Design and execute projects with a strategic focus<\/strong>, aimed at improving the quality of life of children and adolescents in situations of vulnerability and social risk.<\/li><li><strong>Ensure efficient, transparent and results-based management<\/strong> through constant monitoring, impact evaluation and continuous improvement.<\/li><li><strong>Promote innovation and sustainability of initiatives<\/strong> through multi-sectoral partnerships, resource mobilization and active community participation.<\/li><\/ol>\t\t\t\t\t\t\t\t<\/div>\n\t\t\t\t<\/div>\n\t\t\t\t\t<\/div>\n\t\t\t\t<\/div>\n\t\t<div class=\"elementor-element elementor-element-2bfa826 e-flex e-con-boxed e-con e-parent\" data-id=\"2bfa826\" data-element_type=\"container\">\n\t\t\t\t\t<div class=\"e-con-inner\">\n\t\t\t\t<div class=\"elementor-element elementor-element-d193c28 elementor-widget elementor-widget-heading\" data-id=\"d193c28\" data-element_type=\"widget\" data-widget_type=\"heading.default\">\n\t\t\t\t<div class=\"elementor-widget-container\">\n\t\t\t\t\t<h2 class=\"elementor-heading-title elementor-size-default\">Our projects<\/h2>\t\t\t\t<\/div>\n\t\t\t\t<\/div>\n\t\t<div class=\"elementor-element elementor-element-eba3571 e-con-full e-flex e-con e-child\" data-id=\"eba3571\" data-element_type=\"container\">\n\t\t<div class=\"elementor-element elementor-element-c5106ec e-con-full e-flex e-con e-child\" data-id=\"c5106ec\" data-element_type=\"container\">\n\t\t\t\t<div class=\"elementor-element elementor-element-682fce9 elementor-align-justify elementor-widget elementor-widget-button\" data-id=\"682fce9\" data-element_type=\"widget\" data-widget_type=\"button.default\">\n\t\t\t\t<div class=\"elementor-widget-container\">\n\t\t\t\t\t\t\t\t\t<div class=\"elementor-button-wrapper\">\n\t\t\t\t\t<a class=\"elementor-button elementor-button-link elementor-size-sm\" href=\"https:\/\/fundacionkairos.org\/wp-content\/uploads\/2025\/08\/PROYECTO-ALIMENTACION-CASAS-FAMILIAS.pdf\">\n\t\t\t\t\t\t<span class=\"elementor-button-content-wrapper\">\n\t\t\t\t\t\t\t\t\t<span class=\"elementor-button-text\">Food Project for Family Homes<\/span>\n\t\t\t\t\t<\/span>\n\t\t\t\t\t<\/a>\n\t\t\t\t<\/div>\n\t\t\t\t\t\t\t\t<\/div>\n\t\t\t\t<\/div>\n\t\t\t\t<\/div>\n\t\t<div class=\"elementor-element elementor-element-621e64d e-con-full e-flex e-con e-child\" data-id=\"621e64d\" data-element_type=\"container\">\n\t\t\t\t<div class=\"elementor-element elementor-element-2447c46 elementor-align-justify elementor-widget elementor-widget-button\" data-id=\"2447c46\" data-element_type=\"widget\" data-widget_type=\"button.default\">\n\t\t\t\t<div class=\"elementor-widget-container\">\n\t\t\t\t\t\t\t\t\t<div class=\"elementor-button-wrapper\">\n\t\t\t\t\t<a class=\"elementor-button elementor-button-link elementor-size-sm\" href=\"https:\/\/fundacionkairos.org\/wp-content\/uploads\/2025\/08\/PROYECTO-EDUCACION-CASAS-FAMILIAS.pdf\">\n\t\t\t\t\t\t<span class=\"elementor-button-content-wrapper\">\n\t\t\t\t\t\t\t\t\t<span class=\"elementor-button-text\">Family Homes Education Project<\/span>\n\t\t\t\t\t<\/span>\n\t\t\t\t\t<\/a>\n\t\t\t\t<\/div>\n\t\t\t\t\t\t\t\t<\/div>\n\t\t\t\t<\/div>\n\t\t\t\t<\/div>\n\t\t<div class=\"elementor-element elementor-element-df80064 e-con-full e-flex e-con e-child\" data-id=\"df80064\" data-element_type=\"container\">\n\t\t\t\t<div class=\"elementor-element elementor-element-79bfdd7 elementor-align-justify elementor-widget elementor-widget-button\" data-id=\"79bfdd7\" data-element_type=\"widget\" data-widget_type=\"button.default\">\n\t\t\t\t<div class=\"elementor-widget-container\">\n\t\t\t\t\t\t\t\t\t<div class=\"elementor-button-wrapper\">\n\t\t\t\t\t<a class=\"elementor-button elementor-button-link elementor-size-sm\" href=\"https:\/\/fundacionkairos.org\/wp-content\/uploads\/2025\/08\/Proyecto-Escuela-de-Futbol-Infantil_Propuesta.pdf\">\n\t\t\t\t\t\t<span class=\"elementor-button-content-wrapper\">\n\t\t\t\t\t\t\t\t\t<span class=\"elementor-button-text\">Children's Soccer School Project<\/span>\n\t\t\t\t\t<\/span>\n\t\t\t\t\t<\/a>\n\t\t\t\t<\/div>\n\t\t\t\t\t\t\t\t<\/div>\n\t\t\t\t<\/div>\n\t\t\t\t<\/div>\n\t\t<div class=\"elementor-element elementor-element-df49fd2 e-con-full e-flex e-con e-child\" data-id=\"df49fd2\" data-element_type=\"container\">\n\t\t\t\t<div class=\"elementor-element elementor-element-33bb9fd elementor-align-justify elementor-widget elementor-widget-button\" data-id=\"33bb9fd\" data-element_type=\"widget\" data-widget_type=\"button.default\">\n\t\t\t\t<div class=\"elementor-widget-container\">\n\t\t\t\t\t\t\t\t\t<div class=\"elementor-button-wrapper\">\n\t\t\t\t\t<a class=\"elementor-button elementor-button-link elementor-size-sm\" href=\"https:\/\/fundacionkairos.org\/wp-content\/uploads\/2025\/08\/Proyecto-Comedores.pdf\">\n\t\t\t\t\t\t<span class=\"elementor-button-content-wrapper\">\n\t\t\t\t\t\t\t\t\t<span class=\"elementor-button-text\">Dining Room Project<\/span>\n\t\t\t\t\t<\/span>\n\t\t\t\t\t<\/a>\n\t\t\t\t<\/div>\n\t\t\t\t\t\t\t\t<\/div>\n\t\t\t\t<\/div>\n\t\t\t\t<\/div>\n\t\t\t\t<\/div>\n\t\t<div class=\"elementor-element elementor-element-b5e3e5f e-con-full e-flex e-con e-child\" data-id=\"b5e3e5f\" data-element_type=\"container\">\n\t\t<div class=\"elementor-element elementor-element-d063541 e-con-full e-flex e-con e-child\" data-id=\"d063541\" data-element_type=\"container\">\n\t\t\t\t<div class=\"elementor-element elementor-element-65b4760 elementor-align-justify elementor-widget elementor-widget-button\" data-id=\"65b4760\" data-element_type=\"widget\" data-widget_type=\"button.default\">\n\t\t\t\t<div class=\"elementor-widget-container\">\n\t\t\t\t\t\t\t\t\t<div class=\"elementor-button-wrapper\">\n\t\t\t\t\t<a class=\"elementor-button elementor-button-link elementor-size-sm\" href=\"https:\/\/fundacionkairos.org\/wp-content\/uploads\/2025\/08\/Proyecto-Ciudad-de-ninos-2025.pdf\">\n\t\t\t\t\t\t<span class=\"elementor-button-content-wrapper\">\n\t\t\t\t\t\t\t\t\t<span class=\"elementor-button-text\">Children's City Project 2025<\/span>\n\t\t\t\t\t<\/span>\n\t\t\t\t\t<\/a>\n\t\t\t\t<\/div>\n\t\t\t\t\t\t\t\t<\/div>\n\t\t\t\t<\/div>\n\t\t\t\t<\/div>\n\t\t<div class=\"elementor-element elementor-element-ac356e3 e-con-full e-flex e-con e-child\" data-id=\"ac356e3\" data-element_type=\"container\">\n\t\t\t\t<div class=\"elementor-element elementor-element-a1f784d elementor-align-justify elementor-widget elementor-widget-button\" data-id=\"a1f784d\" data-element_type=\"widget\" data-widget_type=\"button.default\">\n\t\t\t\t<div class=\"elementor-widget-container\">\n\t\t\t\t\t\t\t\t\t<div class=\"elementor-button-wrapper\">\n\t\t\t\t\t<a class=\"elementor-button elementor-button-link elementor-size-sm\" href=\"https:\/\/fundacionkairos.org\/wp-content\/uploads\/2025\/08\/Proyecto-Casa-Familia-Vestimenta.pdf\">\n\t\t\t\t\t\t<span class=\"elementor-button-content-wrapper\">\n\t\t\t\t\t\t\t\t\t<span class=\"elementor-button-text\">Family Home Clothing Project<\/span>\n\t\t\t\t\t<\/span>\n\t\t\t\t\t<\/a>\n\t\t\t\t<\/div>\n\t\t\t\t\t\t\t\t<\/div>\n\t\t\t\t<\/div>\n\t\t\t\t<\/div>\n\t\t<div class=\"elementor-element elementor-element-7f46f8e e-con-full e-flex e-con e-child\" data-id=\"7f46f8e\" data-element_type=\"container\">\n\t\t\t\t<div class=\"elementor-element elementor-element-dde83c0 elementor-align-justify elementor-widget elementor-widget-button\" data-id=\"dde83c0\" data-element_type=\"widget\" data-widget_type=\"button.default\">\n\t\t\t\t<div class=\"elementor-widget-container\">\n\t\t\t\t\t\t\t\t\t<div class=\"elementor-button-wrapper\">\n\t\t\t\t\t<a class=\"elementor-button elementor-button-link elementor-size-sm\" href=\"https:\/\/fundacionkairos.org\/wp-content\/uploads\/2025\/08\/Proyecto-Becas-Escolares.pdf\">\n\t\t\t\t\t\t<span class=\"elementor-button-content-wrapper\">\n\t\t\t\t\t\t\t\t\t<span class=\"elementor-button-text\">School Scholarship Project<\/span>\n\t\t\t\t\t<\/span>\n\t\t\t\t\t<\/a>\n\t\t\t\t<\/div>\n\t\t\t\t\t\t\t\t<\/div>\n\t\t\t\t<\/div>\n\t\t\t\t<\/div>\n\t\t<div class=\"elementor-element elementor-element-0fc5095 e-con-full e-flex e-con e-child\" data-id=\"0fc5095\" data-element_type=\"container\">\n\t\t\t\t<div class=\"elementor-element elementor-element-92f41c8 elementor-align-justify elementor-widget elementor-widget-button\" data-id=\"92f41c8\" data-element_type=\"widget\" data-widget_type=\"button.default\">\n\t\t\t\t<div class=\"elementor-widget-container\">\n\t\t\t\t\t\t\t\t\t<div class=\"elementor-button-wrapper\">\n\t\t\t\t\t<a class=\"elementor-button elementor-button-link elementor-size-sm\" href=\"https:\/\/fundacionkairos.org\/wp-content\/uploads\/2025\/08\/PROYECTO-ASEO-2022-CASAS-FAMILIAS.pdf\">\n\t\t\t\t\t\t<span class=\"elementor-button-content-wrapper\">\n\t\t\t\t\t\t\t\t\t<span class=\"elementor-button-text\">Cleaning Project - Family Homes<\/span>\n\t\t\t\t\t<\/span>\n\t\t\t\t\t<\/a>\n\t\t\t\t<\/div>\n\t\t\t\t\t\t\t\t<\/div>\n\t\t\t\t<\/div>\n\t\t\t\t<\/div>\n\t\t\t\t<\/div>\n\t\t\t\t\t<\/div>\n\t\t\t\t<\/div>\n\t\t\t\t<\/div>","protected":false},"excerpt":{"rendered":"<p>El Departamento de Proyectos de la Fundaci\u00f3n Kair\u00f3s es el n\u00facleo estrat\u00e9gico encargado de planificar, dise\u00f1ar, ejecutar y evaluar iniciativas que promuevan el desarrollo integral de ni\u00f1os, ni\u00f1as, adolescentes en situaci\u00f3n de vulnerabilidad, as\u00ed como de riesgo social. Se encuentra centrado en un enfoque direccionado al impacto social, traduciendo la misi\u00f3n de la Fundaci\u00f3n en [&hellip;]<\/p>","protected":false},"author":1,"featured_media":0,"parent":0,"menu_order":0,"comment_status":"closed","ping_status":"closed","template":"elementor_header_footer","meta":{"footnotes":""},"class_list":["post-298","page","type-page","status-publish","hentry"],"_links":{"self":[{"href":"https:\/\/fundacionkairos.org\/en\/wp-json\/wp\/v2\/pages\/298","targetHints":{"allow":["GET"]}}],"collection":[{"href":"https:\/\/fundacionkairos.org\/en\/wp-json\/wp\/v2\/pages"}],"about":[{"href":"https:\/\/fundacionkairos.org\/en\/wp-json\/wp\/v2\/types\/page"}],"author":[{"embeddable":true,"href":"https:\/\/fundacionkairos.org\/en\/wp-json\/wp\/v2\/users\/1"}],"replies":[{"embeddable":true,"href":"https:\/\/fundacionkairos.org\/en\/wp-json\/wp\/v2\/comments?post=298"}],"version-history":[{"count":17,"href":"https:\/\/fundacionkairos.org\/en\/wp-json\/wp\/v2\/pages\/298\/revisions"}],"predecessor-version":[{"id":928,"href":"https:\/\/fundacionkairos.org\/en\/wp-json\/wp\/v2\/pages\/298\/revisions\/928"}],"wp:attachment":[{"href":"https:\/\/fundacionkairos.org\/en\/wp-json\/wp\/v2\/media?parent=298"}],"curies":[{"name":"wp","href":"https:\/\/api.w.org\/{rel}","templated":true}]}}