{"id":371,"date":"2025-06-26T14:33:30","date_gmt":"2025-06-26T19:33:30","guid":{"rendered":"https:\/\/fundacionkairos.org\/?page_id=371"},"modified":"2025-06-27T00:22:27","modified_gmt":"2025-06-27T05:22:27","slug":"beneficios-comunidad","status":"publish","type":"page","link":"https:\/\/fundacionkairos.org\/en\/beneficios-comunidad\/","title":{"rendered":"Beneficios Comunidad"},"content":{"rendered":"<div data-elementor-type=\"wp-page\" data-elementor-id=\"371\" class=\"elementor elementor-371\" data-elementor-post-type=\"page\">\n\t\t\t\t<div class=\"elementor-element elementor-element-c6ca0bf e-con-full e-flex e-con e-parent\" data-id=\"c6ca0bf\" data-element_type=\"container\" data-settings=\"{&quot;background_background&quot;:&quot;classic&quot;}\">\n\t\t\t\t<div class=\"elementor-element elementor-element-2f4b2a2 elementor-widget elementor-widget-heading\" data-id=\"2f4b2a2\" data-element_type=\"widget\" data-widget_type=\"heading.default\">\n\t\t\t\t<div class=\"elementor-widget-container\">\n\t\t\t\t\t<h1 class=\"elementor-heading-title elementor-size-default\">Benefits of the Kair\u00f3s Foundation in the Community <\/h1>\t\t\t\t<\/div>\n\t\t\t\t<\/div>\n\t\t\t\t<\/div>\n\t\t<div class=\"elementor-element elementor-element-39aad6e e-flex e-con-boxed e-con e-parent\" data-id=\"39aad6e\" data-element_type=\"container\">\n\t\t\t\t\t<div class=\"e-con-inner\">\n\t\t\t\t<div class=\"elementor-element elementor-element-8b73986 elementor-widget elementor-widget-text-editor\" data-id=\"8b73986\" data-element_type=\"widget\" data-widget_type=\"text-editor.default\">\n\t\t\t\t<div class=\"elementor-widget-container\">\n\t\t\t\t\t\t\t\t\t<p>As part of our commitment to vulnerable children and families in Ecuador, we at the Kair\u00f3s Foundation have been working with passion, responsibility, and a humane approach, bringing concrete solutions to the most vulnerable groups. Highlighting the benefits offered are:<\/p>\t\t\t\t\t\t\t\t<\/div>\n\t\t\t\t<\/div>\n\t\t\t\t<div class=\"elementor-element elementor-element-b51858e elementor-widget elementor-widget-heading\" data-id=\"b51858e\" data-element_type=\"widget\" data-widget_type=\"heading.default\">\n\t\t\t\t<div class=\"elementor-widget-container\">\n\t\t\t\t\t<h2 class=\"elementor-heading-title elementor-size-default\">Comprehensive Education and Training<\/h2>\t\t\t\t<\/div>\n\t\t\t\t<\/div>\n\t\t\t\t<div class=\"elementor-element elementor-element-d25c5ce elementor-widget elementor-widget-text-editor\" data-id=\"d25c5ce\" data-element_type=\"widget\" data-widget_type=\"text-editor.default\">\n\t\t\t\t<div class=\"elementor-widget-container\">\n\t\t\t\t\t\t\t\t\t<ul><li>Educational centers in Guayaquil, Dur\u00e1n, Trinitaria Island and Mount Sinai.<\/li><li>Training in computer science, electricity, electromechanics, crafts, recycling, and technology.<\/li><li>\"Programming Your Future\" program that trains young people in technology and recycling.<\/li><\/ul>\t\t\t\t\t\t\t\t<\/div>\n\t\t\t\t<\/div>\n\t\t\t\t<div class=\"elementor-element elementor-element-ebd4c63 elementor-widget elementor-widget-heading\" data-id=\"ebd4c63\" data-element_type=\"widget\" data-widget_type=\"heading.default\">\n\t\t\t\t<div class=\"elementor-widget-container\">\n\t\t\t\t\t<h2 class=\"elementor-heading-title elementor-size-default\">Protection of Children and Adolescents<\/h2>\t\t\t\t<\/div>\n\t\t\t\t<\/div>\n\t\t\t\t<div class=\"elementor-element elementor-element-7401d40 elementor-widget elementor-widget-text-editor\" data-id=\"7401d40\" data-element_type=\"widget\" data-widget_type=\"text-editor.default\">\n\t\t\t\t<div class=\"elementor-widget-container\">\n\t\t\t\t\t\t\t\t\t<ul><li>Emmaus Shelters for children and adolescents at risk. Family care to ensure safe and stable environments.<\/li><li>Psychosocial and legal support for vulnerable families.<\/li><\/ul>\t\t\t\t\t\t\t\t<\/div>\n\t\t\t\t<\/div>\n\t\t\t\t<div class=\"elementor-element elementor-element-43ccb22 elementor-widget elementor-widget-heading\" data-id=\"43ccb22\" data-element_type=\"widget\" data-widget_type=\"heading.default\">\n\t\t\t\t<div class=\"elementor-widget-container\">\n\t\t\t\t\t<h2 class=\"elementor-heading-title elementor-size-default\">Food and Nutrition<\/h2>\t\t\t\t<\/div>\n\t\t\t\t<\/div>\n\t\t\t\t<div class=\"elementor-element elementor-element-6b5fe83 elementor-widget elementor-widget-text-editor\" data-id=\"6b5fe83\" data-element_type=\"widget\" data-widget_type=\"text-editor.default\">\n\t\t\t\t<div class=\"elementor-widget-container\">\n\t\t\t\t\t\t\t\t\t<ul><li>Daily provision of food to children and adolescents in critical situations.<\/li><li>Integration of nutrition with education and health in marginalized sectors.<\/li><\/ul>\t\t\t\t\t\t\t\t<\/div>\n\t\t\t\t<\/div>\n\t\t\t\t<div class=\"elementor-element elementor-element-7fab7a7 elementor-widget elementor-widget-heading\" data-id=\"7fab7a7\" data-element_type=\"widget\" data-widget_type=\"heading.default\">\n\t\t\t\t<div class=\"elementor-widget-container\">\n\t\t\t\t\t<h2 class=\"elementor-heading-title elementor-size-default\">Community Health<\/h2>\t\t\t\t<\/div>\n\t\t\t\t<\/div>\n\t\t\t\t<div class=\"elementor-element elementor-element-a64f4ab elementor-widget elementor-widget-text-editor\" data-id=\"a64f4ab\" data-element_type=\"widget\" data-widget_type=\"text-editor.default\">\n\t\t\t\t<div class=\"elementor-widget-container\">\n\t\t\t\t\t\t\t\t\t<ul><li>Free medical care: general medicine, dentistry, gynecology.<\/li><li>Preventive health campaigns aimed at children and families.<\/li><li>Sustainability and Recycling<\/li><li>Reuse of electronic waste for training and equipment.<\/li><li>Environmental awareness in vulnerable communities.<\/li><li>Promotion of technological laboratories with recycled equipment.<\/li><\/ul>\t\t\t\t\t\t\t\t<\/div>\n\t\t\t\t<\/div>\n\t\t\t\t<div class=\"elementor-element elementor-element-89879c6 elementor-widget elementor-widget-heading\" data-id=\"89879c6\" data-element_type=\"widget\" data-widget_type=\"heading.default\">\n\t\t\t\t<div class=\"elementor-widget-container\">\n\t\t\t\t\t<h2 class=\"elementor-heading-title elementor-size-default\">Community Development<\/h2>\t\t\t\t<\/div>\n\t\t\t\t<\/div>\n\t\t\t\t<div class=\"elementor-element elementor-element-15b6949 elementor-widget elementor-widget-text-editor\" data-id=\"15b6949\" data-element_type=\"widget\" data-widget_type=\"text-editor.default\">\n\t\t\t\t<div class=\"elementor-widget-container\">\n\t\t\t\t\t\t\t\t\t<ul><li>Children's City Project: a comprehensive space for education, health, and development.<\/li><li>Promotion of family gardens and organic gardens.<\/li><li>Promoting self-sustainability in families.<\/li><\/ul>\t\t\t\t\t\t\t\t<\/div>\n\t\t\t\t<\/div>\n\t\t\t\t<div class=\"elementor-element elementor-element-4413289 elementor-widget elementor-widget-heading\" data-id=\"4413289\" data-element_type=\"widget\" data-widget_type=\"heading.default\">\n\t\t\t\t<div class=\"elementor-widget-container\">\n\t\t\t\t\t<h2 class=\"elementor-heading-title elementor-size-default\">Social and Labor Inclusion<\/h2>\t\t\t\t<\/div>\n\t\t\t\t<\/div>\n\t\t\t\t<div class=\"elementor-element elementor-element-41442e2 elementor-widget elementor-widget-text-editor\" data-id=\"41442e2\" data-element_type=\"widget\" data-widget_type=\"text-editor.default\">\n\t\t\t\t<div class=\"elementor-widget-container\">\n\t\t\t\t\t\t\t\t\t<ul><li>Technical training for young people and adults in vulnerable situations.<\/li><li>Preventing social exclusion through educational and employment opportunities.<\/li><\/ul>\t\t\t\t\t\t\t\t<\/div>\n\t\t\t\t<\/div>\n\t\t\t\t<div class=\"elementor-element elementor-element-5dea828 elementor-widget elementor-widget-heading\" data-id=\"5dea828\" data-element_type=\"widget\" data-widget_type=\"heading.default\">\n\t\t\t\t<div class=\"elementor-widget-container\">\n\t\t\t\t\t<h2 class=\"elementor-heading-title elementor-size-default\">Promoting community entrepreneurship.<\/h2>\t\t\t\t<\/div>\n\t\t\t\t<\/div>\n\t\t\t\t<div class=\"elementor-element elementor-element-72ef272 elementor-widget elementor-widget-text-editor\" data-id=\"72ef272\" data-element_type=\"widget\" data-widget_type=\"text-editor.default\">\n\t\t\t\t<div class=\"elementor-widget-container\">\n\t\t\t\t\t\t\t\t\t<p>At the Kair\u00f3s Foundation, we firmly believe that transforming a life means transforming an entire community. Our mission is to continue sowing opportunities, hope, and tools so that children, youth, and families can build a dignified, safe, and self-sustaining future.<\/p>\t\t\t\t\t\t\t\t<\/div>\n\t\t\t\t<\/div>\n\t\t\t\t\t<\/div>\n\t\t\t\t<\/div>\n\t\t\t\t<\/div>","protected":false},"excerpt":{"rendered":"<p>Beneficios de Fundaci\u00f3n Kair\u00f3s en la Comunidad Como parte de nuestro compromiso con la ni\u00f1ez y las familias vulnerables de Ecuador, desde la Fundaci\u00f3n Kair\u00f3s hemos venido trabajando con pasi\u00f3n, responsabilidad y enfoque humano, llevando soluciones concretas a los sectores que m\u00e1s lo necesitan. Resaltando entre los beneficios ofrecidos los siguientes: Educaci\u00f3n y Formaci\u00f3n Integral [&hellip;]<\/p>","protected":false},"author":1,"featured_media":0,"parent":0,"menu_order":0,"comment_status":"closed","ping_status":"closed","template":"elementor_header_footer","meta":{"footnotes":""},"class_list":["post-371","page","type-page","status-publish","hentry"],"_links":{"self":[{"href":"https:\/\/fundacionkairos.org\/en\/wp-json\/wp\/v2\/pages\/371","targetHints":{"allow":["GET"]}}],"collection":[{"href":"https:\/\/fundacionkairos.org\/en\/wp-json\/wp\/v2\/pages"}],"about":[{"href":"https:\/\/fundacionkairos.org\/en\/wp-json\/wp\/v2\/types\/page"}],"author":[{"embeddable":true,"href":"https:\/\/fundacionkairos.org\/en\/wp-json\/wp\/v2\/users\/1"}],"replies":[{"embeddable":true,"href":"https:\/\/fundacionkairos.org\/en\/wp-json\/wp\/v2\/comments?post=371"}],"version-history":[{"count":11,"href":"https:\/\/fundacionkairos.org\/en\/wp-json\/wp\/v2\/pages\/371\/revisions"}],"predecessor-version":[{"id":392,"href":"https:\/\/fundacionkairos.org\/en\/wp-json\/wp\/v2\/pages\/371\/revisions\/392"}],"wp:attachment":[{"href":"https:\/\/fundacionkairos.org\/en\/wp-json\/wp\/v2\/media?parent=371"}],"curies":[{"name":"wp","href":"https:\/\/api.w.org\/{rel}","templated":true}]}}