{"id":560,"date":"2025-07-17T21:54:31","date_gmt":"2025-07-18T02:54:31","guid":{"rendered":"https:\/\/fundacionkairos.org\/?page_id=560"},"modified":"2025-09-02T13:18:09","modified_gmt":"2025-09-02T18:18:09","slug":"oracion-a-san-jeronimo-emiliani","status":"publish","type":"page","link":"https:\/\/fundacionkairos.org\/en\/oracion-a-san-jeronimo-emiliani\/","title":{"rendered":"Prayer to Saint Jerome Emiliani"},"content":{"rendered":"<div data-elementor-type=\"wp-page\" data-elementor-id=\"560\" class=\"elementor elementor-560\" data-elementor-post-type=\"page\">\n\t\t\t\t<div class=\"elementor-element elementor-element-55c9910 e-con-full e-flex e-con e-parent\" data-id=\"55c9910\" data-element_type=\"container\" data-settings=\"{&quot;background_background&quot;:&quot;classic&quot;}\">\n\t\t\t\t<\/div>\n\t\t<div class=\"elementor-element elementor-element-8763edf e-flex e-con-boxed e-con e-parent\" data-id=\"8763edf\" data-element_type=\"container\">\n\t\t\t\t\t<div class=\"e-con-inner\">\n\t\t\t\t<div class=\"elementor-element elementor-element-796c700 elementor-widget elementor-widget-text-editor\" data-id=\"796c700\" data-element_type=\"widget\" data-widget_type=\"text-editor.default\">\n\t\t\t\t<div class=\"elementor-widget-container\">\n\t\t\t\t\t\t\t\t\t<p>Oh glorious Saint Jerome Emiliani,<br \/>father of orphans and consolation of helpless youth,<br \/>You who knew how to recognize the face of Christ in the suffering of the little ones,<br \/>Teach us to love without limits and to serve with dedication.<\/p><p>You who, transformed by divine grace,<br \/>You left the glories of the world for the noble cause of charity,<br \/>intercede for us before the Lord,<br \/>so that our hands may be a refuge,<br \/>our heart shelter,<br \/>and our life is a testimony of hope.<\/p><p>Protect homeless children,<br \/>to the young people lost in abandonment,<br \/>and guides those who care for them with tenderness and faith.<\/p><p>Saint Jerome Emiliani, model of mercy,<br \/>haz que florezca en el mundo el amor de Cristo,<br \/>so that no one feels forgotten,<br \/>and all discover their dignity as children of God.<br \/>Amen.<\/p><p>Saint Jerome Emiliani, pray for us and for all the orphans of the world.<\/p><p>Mary, Mother of orphans, pray for us and for all the orphans of the world.<\/p>\t\t\t\t\t\t\t\t<\/div>\n\t\t\t\t<\/div>\n\t\t\t\t\t<\/div>\n\t\t\t\t<\/div>\n\t\t<div class=\"elementor-element elementor-element-d2159c5 e-flex e-con-boxed e-con e-parent\" data-id=\"d2159c5\" data-element_type=\"container\">\n\t\t\t\t\t<div class=\"e-con-inner\">\n\t\t\t\t<div class=\"elementor-element elementor-element-79170cf elementor-widget elementor-widget-spacer\" data-id=\"79170cf\" data-element_type=\"widget\" data-widget_type=\"spacer.default\">\n\t\t\t\t<div class=\"elementor-widget-container\">\n\t\t\t\t\t\t\t<div class=\"elementor-spacer\">\n\t\t\t<div class=\"elementor-spacer-inner\"><\/div>\n\t\t<\/div>\n\t\t\t\t\t\t<\/div>\n\t\t\t\t<\/div>\n\t\t\t\t\t<\/div>\n\t\t\t\t<\/div>\n\t\t\t\t<\/div>","protected":false},"excerpt":{"rendered":"<p>Oh glorioso San Jer\u00f3nimo Emiliani,padre de los hu\u00e9rfanos y consuelo de la juventud desamparada,t\u00fa que supiste reconocer el rostro de Cristo en el sufrimiento de los m\u00e1s peque\u00f1os,ens\u00e9\u00f1anos a amar sin l\u00edmites y a servir con entrega. T\u00fa que, transformado por la gracia divina,dejaste las glorias del mundo por la noble causa de la caridad,intercede [&hellip;]<\/p>","protected":false},"author":1,"featured_media":0,"parent":0,"menu_order":0,"comment_status":"closed","ping_status":"closed","template":"elementor_header_footer","meta":{"footnotes":""},"class_list":["post-560","page","type-page","status-publish","hentry"],"_links":{"self":[{"href":"https:\/\/fundacionkairos.org\/en\/wp-json\/wp\/v2\/pages\/560","targetHints":{"allow":["GET"]}}],"collection":[{"href":"https:\/\/fundacionkairos.org\/en\/wp-json\/wp\/v2\/pages"}],"about":[{"href":"https:\/\/fundacionkairos.org\/en\/wp-json\/wp\/v2\/types\/page"}],"author":[{"embeddable":true,"href":"https:\/\/fundacionkairos.org\/en\/wp-json\/wp\/v2\/users\/1"}],"replies":[{"embeddable":true,"href":"https:\/\/fundacionkairos.org\/en\/wp-json\/wp\/v2\/comments?post=560"}],"version-history":[{"count":7,"href":"https:\/\/fundacionkairos.org\/en\/wp-json\/wp\/v2\/pages\/560\/revisions"}],"predecessor-version":[{"id":947,"href":"https:\/\/fundacionkairos.org\/en\/wp-json\/wp\/v2\/pages\/560\/revisions\/947"}],"wp:attachment":[{"href":"https:\/\/fundacionkairos.org\/en\/wp-json\/wp\/v2\/media?parent=560"}],"curies":[{"name":"wp","href":"https:\/\/api.w.org\/{rel}","templated":true}]}}