{"id":668,"date":"2025-08-09T16:18:56","date_gmt":"2025-08-09T21:18:56","guid":{"rendered":"https:\/\/fundacionkairos.org\/?page_id=668"},"modified":"2025-08-26T15:32:03","modified_gmt":"2025-08-26T20:32:03","slug":"talleres-de-capacitacion","status":"publish","type":"page","link":"https:\/\/fundacionkairos.org\/en\/talleres-de-capacitacion\/","title":{"rendered":"Training Workshops"},"content":{"rendered":"<div data-elementor-type=\"wp-page\" data-elementor-id=\"668\" class=\"elementor elementor-668\" data-elementor-post-type=\"page\">\n\t\t\t\t<div class=\"elementor-element elementor-element-03b7456 e-con-full e-flex e-con e-parent\" data-id=\"03b7456\" data-element_type=\"container\" data-settings=\"{&quot;background_background&quot;:&quot;classic&quot;}\">\n\t\t\t\t<div class=\"elementor-element elementor-element-e32d4cd elementor-widget elementor-widget-heading\" data-id=\"e32d4cd\" data-element_type=\"widget\" data-widget_type=\"heading.default\">\n\t\t\t\t<div class=\"elementor-widget-container\">\n\t\t\t\t\t<h1 class=\"elementor-heading-title elementor-size-default\">Training Workshops<\/h1>\t\t\t\t<\/div>\n\t\t\t\t<\/div>\n\t\t\t\t<\/div>\n\t\t<div class=\"elementor-element elementor-element-32a571e e-flex e-con-boxed e-con e-parent\" data-id=\"32a571e\" data-element_type=\"container\">\n\t\t\t\t\t<div class=\"e-con-inner\">\n\t\t\t\t<div class=\"elementor-element elementor-element-00de9a1 elementor-widget elementor-widget-text-editor\" data-id=\"00de9a1\" data-element_type=\"widget\" data-widget_type=\"text-editor.default\">\n\t\t\t\t<div class=\"elementor-widget-container\">\n\t\t\t\t\t\t\t\t\t<p><span style=\"font-weight: 400;\">At the Kair\u00f3s Foundation, we believe that practical education and learning new skills are the key to opening doors to a future with greater opportunities. That's why we offer community training workshops designed to develop talents, strengthen competencies, and foster entrepreneurship.<\/span><\/p><p>\u00a0<\/p><p><span style=\"font-weight: 400;\">Our workshops include:<\/span><\/p><p><span style=\"font-weight: 400;\">\ud83e\udea1 Sewing and tailoring, to boost creativity and generate income.<\/span><\/p><p><span style=\"font-weight: 400;\">\ud83d\udc87<\/span><span style=\"font-weight: 400;\">\u200d<\/span><span style=\"font-weight: 400;\">\u2640<\/span><span style=\"font-weight: 400;\">\ufe0f Haircuts as a tool for self-employment.<\/span><\/p><p><span style=\"font-weight: 400;\">\ud83d\udca1<\/span><span style=\"font-weight: 400;\"> Electricity, to learn a high-demand technical trade.<\/span><\/p><p><span style=\"font-weight: 400;\">\ud83c\udfa8<\/span><span style=\"font-weight: 400;\"> Screen printing, ideal for starting out in the world of customization.<\/span><\/p><p><span style=\"font-weight: 400;\">And many others that adapt to the needs of the community.<\/span><\/p><p>\u00a0<\/p><p><span style=\"font-weight: 400;\">Each course combines theory and practice, guided by trained instructors who guide participants step by step. Our goal is to provide life-transforming knowledge, helping people discover their potential and build a more stable future for themselves and their families.<\/span><\/p><p>\u00a0<\/p><p><span style=\"font-weight: 400;\">At Kair\u00f3s, we develop hands that create, minds that innovate, and hearts that dream.<\/span><\/p>\t\t\t\t\t\t\t\t<\/div>\n\t\t\t\t<\/div>\n\t\t\t\t\t<\/div>\n\t\t\t\t<\/div>\n\t\t<div class=\"elementor-element elementor-element-2980c00 e-flex e-con-boxed e-con e-parent\" data-id=\"2980c00\" data-element_type=\"container\">\n\t\t\t\t\t<div class=\"e-con-inner\">\n\t\t\t\t<div class=\"elementor-element elementor-element-e650ab8 ee-grid-columns-3 ee-grid-columns-tablet-2 ee-grid-columns-mobile-1 ee-grid-halign--left ee-grid-align--top ee-gallery-overflow-tablet--yes ee-gallery-overflow-mobile--yes elementor-widget elementor-widget-gallery-extra\" data-id=\"e650ab8\" data-element_type=\"widget\" data-settings=\"{&quot;tilt_enable&quot;:&quot;yes&quot;,&quot;columns&quot;:&quot;3&quot;,&quot;columns_tablet&quot;:&quot;2&quot;,&quot;columns_mobile&quot;:&quot;1&quot;,&quot;tilt_amount&quot;:{&quot;unit&quot;:&quot;px&quot;,&quot;size&quot;:20,&quot;sizes&quot;:[]},&quot;tilt_scale&quot;:{&quot;unit&quot;:&quot;px&quot;,&quot;size&quot;:1.05,&quot;sizes&quot;:[]},&quot;tilt_speed&quot;:{&quot;unit&quot;:&quot;px&quot;,&quot;size&quot;:800,&quot;sizes&quot;:[]}}\" data-widget_type=\"gallery-extra.default\">\n\t\t\t\t<div class=\"elementor-widget-container\">\n\t\t\t\t\t<div class=\"ee-gallery-wrapper\">\n\t\t\t<div class=\"ee-gallery ee-grid ee-grid--gallery ee-gallery__gallery\"><div class=\"ee-gallery__item ee-gallery__item--1 ee-grid__item\">\n\t\t\t\t<a class=\"ee-media ee-gallery__media\" data-elementor-open-lightbox=\"yes\" data-elementor-lightbox-slideshow=\"e650ab8_668\" data-elementor-lightbox-title=\"taller-de-costura\" data-e-action-hash=\"#elementor-action%3Aaction%3Dlightbox%26settings%3DeyJpZCI6Njc5LCJ1cmwiOiJodHRwczpcL1wvZnVuZGFjaW9ua2Fpcm9zLm9yZ1wvd3AtY29udGVudFwvdXBsb2Fkc1wvMjAyNVwvMDhcL3RhbGxlci1kZS1jb3N0dXJhLmpwZyIsInNsaWRlc2hvdyI6ImU2NTBhYjhfNjY4In0%3D\" href=\"https:\/\/fundacionkairos.org\/wp-content\/uploads\/2025\/08\/taller-de-costura.jpg\">\n\t\t\t\t\t<div class=\"ee-media__wrapper ee-gallery__media-wrapper ee-gallery__tilt\"><div class=\"ee-media__thumbnail ee-gallery__media__thumbnail\">\n\t\t\t<img decoding=\"async\" src=\"https:\/\/fundacionkairos.org\/wp-content\/uploads\/2025\/08\/taller-de-costura.jpg\" title=\"taller-de-costura\" \/>\n\t\t<\/div><div class=\"ee-media__overlay ee-gallery__media__overlay\"><\/div><\/div>\n\t\t\t\t<\/a>\n\t\t\t<\/div><div class=\"ee-gallery__item ee-gallery__item--2 ee-grid__item\">\n\t\t\t\t<a class=\"ee-media ee-gallery__media\" data-elementor-open-lightbox=\"yes\" data-elementor-lightbox-slideshow=\"e650ab8_668\" data-elementor-lightbox-title=\"costura-kairos\" data-e-action-hash=\"#elementor-action%3Aaction%3Dlightbox%26settings%3DeyJpZCI6Njc4LCJ1cmwiOiJodHRwczpcL1wvZnVuZGFjaW9ua2Fpcm9zLm9yZ1wvd3AtY29udGVudFwvdXBsb2Fkc1wvMjAyNVwvMDhcL2Nvc3R1cmEta2Fpcm9zLmpwZyIsInNsaWRlc2hvdyI6ImU2NTBhYjhfNjY4In0%3D\" href=\"https:\/\/fundacionkairos.org\/wp-content\/uploads\/2025\/08\/costura-kairos.jpg\">\n\t\t\t\t\t<div class=\"ee-media__wrapper ee-gallery__media-wrapper ee-gallery__tilt\"><div class=\"ee-media__thumbnail ee-gallery__media__thumbnail\">\n\t\t\t<img decoding=\"async\" src=\"https:\/\/fundacionkairos.org\/wp-content\/uploads\/2025\/08\/costura-kairos.jpg\" title=\"costura-kairos\" \/>\n\t\t<\/div><div class=\"ee-media__overlay ee-gallery__media__overlay\"><\/div><\/div>\n\t\t\t\t<\/a>\n\t\t\t<\/div><div class=\"ee-gallery__item ee-gallery__item--3 ee-grid__item\">\n\t\t\t\t<a class=\"ee-media ee-gallery__media\" data-elementor-open-lightbox=\"yes\" data-elementor-lightbox-slideshow=\"e650ab8_668\" data-elementor-lightbox-title=\"planchado\" data-e-action-hash=\"#elementor-action%3Aaction%3Dlightbox%26settings%3DeyJpZCI6Njc3LCJ1cmwiOiJodHRwczpcL1wvZnVuZGFjaW9ua2Fpcm9zLm9yZ1wvd3AtY29udGVudFwvdXBsb2Fkc1wvMjAyNVwvMDhcL3BsYW5jaGFkby5qcGciLCJzbGlkZXNob3ciOiJlNjUwYWI4XzY2OCJ9\" href=\"https:\/\/fundacionkairos.org\/wp-content\/uploads\/2025\/08\/planchado.jpg\">\n\t\t\t\t\t<div class=\"ee-media__wrapper ee-gallery__media-wrapper ee-gallery__tilt\"><div class=\"ee-media__thumbnail ee-gallery__media__thumbnail\">\n\t\t\t<img decoding=\"async\" src=\"https:\/\/fundacionkairos.org\/wp-content\/uploads\/2025\/08\/planchado.jpg\" title=\"planchado\" \/>\n\t\t<\/div><div class=\"ee-media__overlay ee-gallery__media__overlay\"><\/div><\/div>\n\t\t\t\t<\/a>\n\t\t\t<\/div><div class=\"ee-gallery__item ee-gallery__item--4 ee-grid__item\">\n\t\t\t\t<a class=\"ee-media ee-gallery__media\" data-elementor-open-lightbox=\"yes\" data-elementor-lightbox-slideshow=\"e650ab8_668\" data-elementor-lightbox-title=\"revision-plancha-en-taller\" data-e-action-hash=\"#elementor-action%3Aaction%3Dlightbox%26settings%3DeyJpZCI6Njc2LCJ1cmwiOiJodHRwczpcL1wvZnVuZGFjaW9ua2Fpcm9zLm9yZ1wvd3AtY29udGVudFwvdXBsb2Fkc1wvMjAyNVwvMDhcL3JldmlzaW9uLXBsYW5jaGEtZW4tdGFsbGVyLmpwZyIsInNsaWRlc2hvdyI6ImU2NTBhYjhfNjY4In0%3D\" href=\"https:\/\/fundacionkairos.org\/wp-content\/uploads\/2025\/08\/revision-plancha-en-taller.jpg\">\n\t\t\t\t\t<div class=\"ee-media__wrapper ee-gallery__media-wrapper ee-gallery__tilt\"><div class=\"ee-media__thumbnail ee-gallery__media__thumbnail\">\n\t\t\t<img decoding=\"async\" src=\"https:\/\/fundacionkairos.org\/wp-content\/uploads\/2025\/08\/revision-plancha-en-taller.jpg\" title=\"revision-plancha-en-taller\" \/>\n\t\t<\/div><div class=\"ee-media__overlay ee-gallery__media__overlay\"><\/div><\/div>\n\t\t\t\t<\/a>\n\t\t\t<\/div><div class=\"ee-gallery__item ee-gallery__item--5 ee-grid__item\">\n\t\t\t\t<a class=\"ee-media ee-gallery__media\" data-elementor-open-lightbox=\"yes\" data-elementor-lightbox-slideshow=\"e650ab8_668\" data-elementor-lightbox-title=\"medidas-costura\" data-e-action-hash=\"#elementor-action%3Aaction%3Dlightbox%26settings%3DeyJpZCI6Njc1LCJ1cmwiOiJodHRwczpcL1wvZnVuZGFjaW9ua2Fpcm9zLm9yZ1wvd3AtY29udGVudFwvdXBsb2Fkc1wvMjAyNVwvMDhcL21lZGlkYXMtY29zdHVyYS5qcGciLCJzbGlkZXNob3ciOiJlNjUwYWI4XzY2OCJ9\" href=\"https:\/\/fundacionkairos.org\/wp-content\/uploads\/2025\/08\/medidas-costura.jpg\">\n\t\t\t\t\t<div class=\"ee-media__wrapper ee-gallery__media-wrapper ee-gallery__tilt\"><div class=\"ee-media__thumbnail ee-gallery__media__thumbnail\">\n\t\t\t<img decoding=\"async\" src=\"https:\/\/fundacionkairos.org\/wp-content\/uploads\/2025\/08\/medidas-costura.jpg\" title=\"medidas-costura\" \/>\n\t\t<\/div><div class=\"ee-media__overlay ee-gallery__media__overlay\"><\/div><\/div>\n\t\t\t\t<\/a>\n\t\t\t<\/div><div class=\"ee-gallery__item ee-gallery__item--6 ee-grid__item\">\n\t\t\t\t<a class=\"ee-media ee-gallery__media\" data-elementor-open-lightbox=\"yes\" data-elementor-lightbox-slideshow=\"e650ab8_668\" data-elementor-lightbox-title=\"taller-costura\" data-e-action-hash=\"#elementor-action%3Aaction%3Dlightbox%26settings%3DeyJpZCI6Njc0LCJ1cmwiOiJodHRwczpcL1wvZnVuZGFjaW9ua2Fpcm9zLm9yZ1wvd3AtY29udGVudFwvdXBsb2Fkc1wvMjAyNVwvMDhcL3RhbGxlci1jb3N0dXJhLmpwZyIsInNsaWRlc2hvdyI6ImU2NTBhYjhfNjY4In0%3D\" href=\"https:\/\/fundacionkairos.org\/wp-content\/uploads\/2025\/08\/taller-costura.jpg\">\n\t\t\t\t\t<div class=\"ee-media__wrapper ee-gallery__media-wrapper ee-gallery__tilt\"><div class=\"ee-media__thumbnail ee-gallery__media__thumbnail\">\n\t\t\t<img decoding=\"async\" src=\"https:\/\/fundacionkairos.org\/wp-content\/uploads\/2025\/08\/taller-costura.jpg\" title=\"taller-costura\" \/>\n\t\t<\/div><div class=\"ee-media__overlay ee-gallery__media__overlay\"><\/div><\/div>\n\t\t\t\t<\/a>\n\t\t\t<\/div><div class=\"ee-gallery__item ee-gallery__item--7 ee-grid__item\">\n\t\t\t\t<a class=\"ee-media ee-gallery__media\" data-elementor-open-lightbox=\"yes\" data-elementor-lightbox-slideshow=\"e650ab8_668\" data-elementor-lightbox-title=\"talleres-kairos\" data-e-action-hash=\"#elementor-action%3Aaction%3Dlightbox%26settings%3DeyJpZCI6ODI3LCJ1cmwiOiJodHRwczpcL1wvZnVuZGFjaW9ua2Fpcm9zLm9yZ1wvd3AtY29udGVudFwvdXBsb2Fkc1wvMjAyNVwvMDhcL3RhbGxlcmVzLWthaXJvcy5wbmciLCJzbGlkZXNob3ciOiJlNjUwYWI4XzY2OCJ9\" href=\"https:\/\/fundacionkairos.org\/wp-content\/uploads\/2025\/08\/talleres-kairos.png\">\n\t\t\t\t\t<div class=\"ee-media__wrapper ee-gallery__media-wrapper ee-gallery__tilt\"><div class=\"ee-media__thumbnail ee-gallery__media__thumbnail\">\n\t\t\t<img decoding=\"async\" src=\"https:\/\/fundacionkairos.org\/wp-content\/uploads\/2025\/08\/talleres-kairos.png\" title=\"talleres-kairos\" \/>\n\t\t<\/div><div class=\"ee-media__overlay ee-gallery__media__overlay\"><\/div><\/div>\n\t\t\t\t<\/a>\n\t\t\t<\/div><div class=\"ee-gallery__item ee-gallery__item--8 ee-grid__item\">\n\t\t\t\t<a class=\"ee-media ee-gallery__media\" data-elementor-open-lightbox=\"yes\" data-elementor-lightbox-slideshow=\"e650ab8_668\" data-elementor-lightbox-title=\"taller-computacion\" data-e-action-hash=\"#elementor-action%3Aaction%3Dlightbox%26settings%3DeyJpZCI6ODI4LCJ1cmwiOiJodHRwczpcL1wvZnVuZGFjaW9ua2Fpcm9zLm9yZ1wvd3AtY29udGVudFwvdXBsb2Fkc1wvMjAyNVwvMDhcL3RhbGxlci1jb21wdXRhY2lvbi5wbmciLCJzbGlkZXNob3ciOiJlNjUwYWI4XzY2OCJ9\" href=\"https:\/\/fundacionkairos.org\/wp-content\/uploads\/2025\/08\/taller-computacion.png\">\n\t\t\t\t\t<div class=\"ee-media__wrapper ee-gallery__media-wrapper ee-gallery__tilt\"><div class=\"ee-media__thumbnail ee-gallery__media__thumbnail\">\n\t\t\t<img decoding=\"async\" src=\"https:\/\/fundacionkairos.org\/wp-content\/uploads\/2025\/08\/taller-computacion.png\" title=\"taller-computacion\" \/>\n\t\t<\/div><div class=\"ee-media__overlay ee-gallery__media__overlay\"><\/div><\/div>\n\t\t\t\t<\/a>\n\t\t\t<\/div><div class=\"ee-gallery__item ee-gallery__item--9 ee-grid__item\">\n\t\t\t\t<a class=\"ee-media ee-gallery__media\" data-elementor-open-lightbox=\"yes\" data-elementor-lightbox-slideshow=\"e650ab8_668\" data-elementor-lightbox-title=\"taller-pc\" data-e-action-hash=\"#elementor-action%3Aaction%3Dlightbox%26settings%3DeyJpZCI6ODI5LCJ1cmwiOiJodHRwczpcL1wvZnVuZGFjaW9ua2Fpcm9zLm9yZ1wvd3AtY29udGVudFwvdXBsb2Fkc1wvMjAyNVwvMDhcL3RhbGxlci1wYy5wbmciLCJzbGlkZXNob3ciOiJlNjUwYWI4XzY2OCJ9\" href=\"https:\/\/fundacionkairos.org\/wp-content\/uploads\/2025\/08\/taller-pc.png\">\n\t\t\t\t\t<div class=\"ee-media__wrapper ee-gallery__media-wrapper ee-gallery__tilt\"><div class=\"ee-media__thumbnail ee-gallery__media__thumbnail\">\n\t\t\t<img decoding=\"async\" src=\"https:\/\/fundacionkairos.org\/wp-content\/uploads\/2025\/08\/taller-pc.png\" title=\"taller-pc\" \/>\n\t\t<\/div><div class=\"ee-media__overlay ee-gallery__media__overlay\"><\/div><\/div>\n\t\t\t\t<\/a>\n\t\t\t<\/div><div class=\"ee-gallery__item ee-gallery__item--10 ee-grid__item\">\n\t\t\t\t<a class=\"ee-media ee-gallery__media\" data-elementor-open-lightbox=\"yes\" data-elementor-lightbox-slideshow=\"e650ab8_668\" data-elementor-lightbox-title=\"taller-nina\" data-e-action-hash=\"#elementor-action%3Aaction%3Dlightbox%26settings%3DeyJpZCI6ODMwLCJ1cmwiOiJodHRwczpcL1wvZnVuZGFjaW9ua2Fpcm9zLm9yZ1wvd3AtY29udGVudFwvdXBsb2Fkc1wvMjAyNVwvMDhcL3RhbGxlci1uaW5hLnBuZyIsInNsaWRlc2hvdyI6ImU2NTBhYjhfNjY4In0%3D\" href=\"https:\/\/fundacionkairos.org\/wp-content\/uploads\/2025\/08\/taller-nina.png\">\n\t\t\t\t\t<div class=\"ee-media__wrapper ee-gallery__media-wrapper ee-gallery__tilt\"><div class=\"ee-media__thumbnail ee-gallery__media__thumbnail\">\n\t\t\t<img decoding=\"async\" src=\"https:\/\/fundacionkairos.org\/wp-content\/uploads\/2025\/08\/taller-nina.png\" title=\"taller-nina\" \/>\n\t\t<\/div><div class=\"ee-media__overlay ee-gallery__media__overlay\"><\/div><\/div>\n\t\t\t\t<\/a>\n\t\t\t<\/div><div class=\"ee-gallery__item ee-gallery__item--11 ee-grid__item\">\n\t\t\t\t<a class=\"ee-media ee-gallery__media\" data-elementor-open-lightbox=\"yes\" data-elementor-lightbox-slideshow=\"e650ab8_668\" data-elementor-lightbox-title=\"taller-comp\" data-e-action-hash=\"#elementor-action%3Aaction%3Dlightbox%26settings%3DeyJpZCI6ODMxLCJ1cmwiOiJodHRwczpcL1wvZnVuZGFjaW9ua2Fpcm9zLm9yZ1wvd3AtY29udGVudFwvdXBsb2Fkc1wvMjAyNVwvMDhcL3RhbGxlci1jb21wLnBuZyIsInNsaWRlc2hvdyI6ImU2NTBhYjhfNjY4In0%3D\" href=\"https:\/\/fundacionkairos.org\/wp-content\/uploads\/2025\/08\/taller-comp.png\">\n\t\t\t\t\t<div class=\"ee-media__wrapper ee-gallery__media-wrapper ee-gallery__tilt\"><div class=\"ee-media__thumbnail ee-gallery__media__thumbnail\">\n\t\t\t<img decoding=\"async\" src=\"https:\/\/fundacionkairos.org\/wp-content\/uploads\/2025\/08\/taller-comp.png\" title=\"taller-comp\" \/>\n\t\t<\/div><div class=\"ee-media__overlay ee-gallery__media__overlay\"><\/div><\/div>\n\t\t\t\t<\/a>\n\t\t\t<\/div><\/div>\n\t\t<\/div>\t\t\t\t<\/div>\n\t\t\t\t<\/div>\n\t\t\t\t\t<\/div>\n\t\t\t\t<\/div>\n\t\t\t\t<\/div>","protected":false},"excerpt":{"rendered":"<p>En Fundaci\u00f3n Kair\u00f3s creemos que la educaci\u00f3n pr\u00e1ctica y el aprendizaje de nuevas habilidades son la llave para abrir puertas a un futuro con m\u00e1s oportunidades. Por eso, ofrecemos talleres de capacitaci\u00f3n para la comunidad, dise\u00f1ados para desarrollar talentos, fortalecer competencias y fomentar el emprendimiento. \u00a0 Nuestros talleres incluyen: \ud83e\udea1 Costura y confecci\u00f3n, para impulsar [&hellip;]<\/p>","protected":false},"author":1,"featured_media":0,"parent":0,"menu_order":0,"comment_status":"closed","ping_status":"closed","template":"elementor_header_footer","meta":{"footnotes":""},"class_list":["post-668","page","type-page","status-publish","hentry"],"_links":{"self":[{"href":"https:\/\/fundacionkairos.org\/en\/wp-json\/wp\/v2\/pages\/668","targetHints":{"allow":["GET"]}}],"collection":[{"href":"https:\/\/fundacionkairos.org\/en\/wp-json\/wp\/v2\/pages"}],"about":[{"href":"https:\/\/fundacionkairos.org\/en\/wp-json\/wp\/v2\/types\/page"}],"author":[{"embeddable":true,"href":"https:\/\/fundacionkairos.org\/en\/wp-json\/wp\/v2\/users\/1"}],"replies":[{"embeddable":true,"href":"https:\/\/fundacionkairos.org\/en\/wp-json\/wp\/v2\/comments?post=668"}],"version-history":[{"count":10,"href":"https:\/\/fundacionkairos.org\/en\/wp-json\/wp\/v2\/pages\/668\/revisions"}],"predecessor-version":[{"id":834,"href":"https:\/\/fundacionkairos.org\/en\/wp-json\/wp\/v2\/pages\/668\/revisions\/834"}],"wp:attachment":[{"href":"https:\/\/fundacionkairos.org\/en\/wp-json\/wp\/v2\/media?parent=668"}],"curies":[{"name":"wp","href":"https:\/\/api.w.org\/{rel}","templated":true}]}}