{"id":692,"date":"2025-08-09T17:12:34","date_gmt":"2025-08-09T22:12:34","guid":{"rendered":"https:\/\/fundacionkairos.org\/?page_id=692"},"modified":"2025-09-02T13:13:26","modified_gmt":"2025-09-02T18:13:26","slug":"acogimiento-institucional","status":"publish","type":"page","link":"https:\/\/fundacionkairos.org\/en\/acogimiento-institucional\/","title":{"rendered":"Institutional Care"},"content":{"rendered":"<div data-elementor-type=\"wp-page\" data-elementor-id=\"692\" class=\"elementor elementor-692\" data-elementor-post-type=\"page\">\n\t\t\t\t<div class=\"elementor-element elementor-element-e4bca37 e-con-full e-flex e-con e-parent\" data-id=\"e4bca37\" data-element_type=\"container\" data-settings=\"{&quot;background_background&quot;:&quot;classic&quot;}\">\n\t\t\t\t<div class=\"elementor-element elementor-element-3c7e94b elementor-widget elementor-widget-heading\" data-id=\"3c7e94b\" data-element_type=\"widget\" data-widget_type=\"heading.default\">\n\t\t\t\t<div class=\"elementor-widget-container\">\n\t\t\t\t\t<h1 class=\"elementor-heading-title elementor-size-default\">Institutional Care<\/h1>\t\t\t\t<\/div>\n\t\t\t\t<\/div>\n\t\t\t\t<\/div>\n\t\t<div class=\"elementor-element elementor-element-3e02a89 e-flex e-con-boxed e-con e-parent\" data-id=\"3e02a89\" data-element_type=\"container\">\n\t\t\t\t\t<div class=\"e-con-inner\">\n\t\t\t\t<div class=\"elementor-element elementor-element-1948379 elementor-widget elementor-widget-text-editor\" data-id=\"1948379\" data-element_type=\"widget\" data-widget_type=\"text-editor.default\">\n\t\t\t\t<div class=\"elementor-widget-container\">\n\t\t\t\t\t\t\t\t\t<p>At the Kair\u00f3s Foundation, we open our doors and hearts to provide a home filled with love, care, and hope. It is a temporary and exceptional protection measure for children and adolescents in vulnerable situations. Our Institutional Foster Care program offers much more than a roof over their heads: we offer a safe space where they can grow, learn, and dream of a better future.<\/p><p>Here, each child receives:<\/p><p>\ud83c\udfe0 A safe home, where you feel protected and accompanied.<\/p><p>\ud83c\udf72 Nutritious food that strengthens your child's health and development.<\/p><p>\ud83d\udcda Quality education, to open the doors to new opportunities.<\/p><p>\ud83d\udc96 Comprehensive care, including emotional support and values that inspire your life.<\/p><p>We believe that all children deserve to live with dignity, surrounded by people who encourage them to reach their full potential. At Kair\u00f3s, we accompany them step by step, offering them the tools and care they need to ensure their present and future are full of hope.<\/p><p>\u00a0<\/p><p>Because when we care for a child, we sow a tomorrow full of light.<\/p>\t\t\t\t\t\t\t\t<\/div>\n\t\t\t\t<\/div>\n\t\t\t\t\t<\/div>\n\t\t\t\t<\/div>\n\t\t<div class=\"elementor-element elementor-element-2115fe0 e-flex e-con-boxed e-con e-parent\" data-id=\"2115fe0\" data-element_type=\"container\">\n\t\t\t\t\t<div class=\"e-con-inner\">\n\t\t\t\t<div class=\"elementor-element elementor-element-7326a44 elementor-widget elementor-widget-spacer\" data-id=\"7326a44\" data-element_type=\"widget\" data-widget_type=\"spacer.default\">\n\t\t\t\t<div class=\"elementor-widget-container\">\n\t\t\t\t\t\t\t<div class=\"elementor-spacer\">\n\t\t\t<div class=\"elementor-spacer-inner\"><\/div>\n\t\t<\/div>\n\t\t\t\t\t\t<\/div>\n\t\t\t\t<\/div>\n\t\t\t\t\t<\/div>\n\t\t\t\t<\/div>\n\t\t\t\t<\/div>","protected":false},"excerpt":{"rendered":"<p>En Fundaci\u00f3n Kair\u00f3s abrimos nuestras puertas y corazones para brindar un hogar lleno de amor, cuidado y esperanza, es una medida de protecci\u00f3n temporal y excepcional para ni\u00f1os, ni\u00f1as y adolescentes que se encuentran en situaci\u00f3n de vulnerabilidad. Nuestro programa de Acogimiento Institucional ofrece mucho m\u00e1s que un techo: ofrecemos un espacio seguro donde pueden [&hellip;]<\/p>","protected":false},"author":1,"featured_media":0,"parent":0,"menu_order":0,"comment_status":"closed","ping_status":"closed","template":"elementor_header_footer","meta":{"footnotes":""},"class_list":["post-692","page","type-page","status-publish","hentry"],"_links":{"self":[{"href":"https:\/\/fundacionkairos.org\/en\/wp-json\/wp\/v2\/pages\/692","targetHints":{"allow":["GET"]}}],"collection":[{"href":"https:\/\/fundacionkairos.org\/en\/wp-json\/wp\/v2\/pages"}],"about":[{"href":"https:\/\/fundacionkairos.org\/en\/wp-json\/wp\/v2\/types\/page"}],"author":[{"embeddable":true,"href":"https:\/\/fundacionkairos.org\/en\/wp-json\/wp\/v2\/users\/1"}],"replies":[{"embeddable":true,"href":"https:\/\/fundacionkairos.org\/en\/wp-json\/wp\/v2\/comments?post=692"}],"version-history":[{"count":10,"href":"https:\/\/fundacionkairos.org\/en\/wp-json\/wp\/v2\/pages\/692\/revisions"}],"predecessor-version":[{"id":924,"href":"https:\/\/fundacionkairos.org\/en\/wp-json\/wp\/v2\/pages\/692\/revisions\/924"}],"wp:attachment":[{"href":"https:\/\/fundacionkairos.org\/en\/wp-json\/wp\/v2\/media?parent=692"}],"curies":[{"name":"wp","href":"https:\/\/api.w.org\/{rel}","templated":true}]}}