{"id":702,"date":"2025-08-09T17:21:00","date_gmt":"2025-08-09T22:21:00","guid":{"rendered":"https:\/\/fundacionkairos.org\/?page_id=702"},"modified":"2025-09-02T13:11:11","modified_gmt":"2025-09-02T18:11:11","slug":"acogimiento-familiar","status":"publish","type":"page","link":"https:\/\/fundacionkairos.org\/en\/acogimiento-familiar\/","title":{"rendered":"Family Foster Care"},"content":{"rendered":"<div data-elementor-type=\"wp-page\" data-elementor-id=\"702\" class=\"elementor elementor-702\" data-elementor-post-type=\"page\">\n\t\t\t\t<div class=\"elementor-element elementor-element-52eb50e2 e-con-full e-flex e-con e-parent\" data-id=\"52eb50e2\" data-element_type=\"container\" data-settings=\"{&quot;background_background&quot;:&quot;classic&quot;}\">\n\t\t\t\t<div class=\"elementor-element elementor-element-71c5b2c6 elementor-widget elementor-widget-heading\" data-id=\"71c5b2c6\" data-element_type=\"widget\" data-widget_type=\"heading.default\">\n\t\t\t\t<div class=\"elementor-widget-container\">\n\t\t\t\t\t<h1 class=\"elementor-heading-title elementor-size-default\">Family Foster Care<\/h1>\t\t\t\t<\/div>\n\t\t\t\t<\/div>\n\t\t\t\t<\/div>\n\t\t<div class=\"elementor-element elementor-element-6c5886c9 e-flex e-con-boxed e-con e-parent\" data-id=\"6c5886c9\" data-element_type=\"container\">\n\t\t\t\t\t<div class=\"e-con-inner\">\n\t\t\t\t<div class=\"elementor-element elementor-element-52b38629 elementor-widget elementor-widget-text-editor\" data-id=\"52b38629\" data-element_type=\"widget\" data-widget_type=\"text-editor.default\">\n\t\t\t\t<div class=\"elementor-widget-container\">\n\t\t\t\t\t\t\t\t\t<p><span style=\"font-weight: 400;\">At the Kair\u00f3s Foundation, we believe that every child deserves to grow up in an environment filled with love, respect, and opportunities. Our Foster Care program allows caring families to open their homes to provide care and protection to children and adolescents living in vulnerable situations.<\/span><\/p><p><span style=\"font-weight: 400;\">These families host minors for an indefinite period, offering them:<\/span><\/p><p><span style=\"font-weight: 400;\">\ud83c\udfe0<\/span><span style=\"font-weight: 400;\"> A safe and stable home where they can feel part of a family.<\/span><\/p><p><span style=\"font-weight: 400;\">\ud83d\udc96<\/span><span style=\"font-weight: 400;\"> Affection and attention are essential for their emotional development.<\/span><\/p><p><span style=\"font-weight: 400;\">\ud83c\udf72<\/span><span style=\"font-weight: 400;\"> Healthy eating that guarantees your physical well-being.<\/span><\/p><p><span style=\"font-weight: 400;\">\ud83d\udcda<\/span><span style=\"font-weight: 400;\"> Education and school support, so they can build a better future.<\/span><\/p><p><span style=\"font-weight: 400;\">Thanks to this gesture of love, children and adolescents receive more than basic care: they find a family that supports them, listens to them, and accompanies them on their journey toward a full and happy life.<\/span><\/p><p><span style=\"font-weight: 400;\">Because hosting is more than just giving a place to live\u2026 it's giving an opportunity to dream.<\/span><\/p>\t\t\t\t\t\t\t\t<\/div>\n\t\t\t\t<\/div>\n\t\t\t\t\t<\/div>\n\t\t\t\t<\/div>\n\t\t<div class=\"elementor-element elementor-element-a93375d e-flex e-con-boxed e-con e-parent\" data-id=\"a93375d\" data-element_type=\"container\">\n\t\t\t\t\t<div class=\"e-con-inner\">\n\t\t\t\t<div class=\"elementor-element elementor-element-21bf8e1b elementor-widget elementor-widget-spacer\" data-id=\"21bf8e1b\" data-element_type=\"widget\" data-widget_type=\"spacer.default\">\n\t\t\t\t<div class=\"elementor-widget-container\">\n\t\t\t\t\t\t\t<div class=\"elementor-spacer\">\n\t\t\t<div class=\"elementor-spacer-inner\"><\/div>\n\t\t<\/div>\n\t\t\t\t\t\t<\/div>\n\t\t\t\t<\/div>\n\t\t\t\t\t<\/div>\n\t\t\t\t<\/div>\n\t\t\t\t<\/div>","protected":false},"excerpt":{"rendered":"<p>En Fundaci\u00f3n Kair\u00f3s creemos que cada ni\u00f1o merece crecer en un ambiente lleno de amor, respeto y oportunidades. Nuestro programa de Acogimiento Familiar permite que familias solidarias abran las puertas de su hogar para brindar cuidado y protecci\u00f3n a ni\u00f1os, ni\u00f1as y adolescentes que viven en situaci\u00f3n de vulnerabilidad. Estas familias acogen a los menores [&hellip;]<\/p>","protected":false},"author":1,"featured_media":0,"parent":0,"menu_order":0,"comment_status":"closed","ping_status":"closed","template":"elementor_header_footer","meta":{"footnotes":""},"class_list":["post-702","page","type-page","status-publish","hentry"],"_links":{"self":[{"href":"https:\/\/fundacionkairos.org\/en\/wp-json\/wp\/v2\/pages\/702","targetHints":{"allow":["GET"]}}],"collection":[{"href":"https:\/\/fundacionkairos.org\/en\/wp-json\/wp\/v2\/pages"}],"about":[{"href":"https:\/\/fundacionkairos.org\/en\/wp-json\/wp\/v2\/types\/page"}],"author":[{"embeddable":true,"href":"https:\/\/fundacionkairos.org\/en\/wp-json\/wp\/v2\/users\/1"}],"replies":[{"embeddable":true,"href":"https:\/\/fundacionkairos.org\/en\/wp-json\/wp\/v2\/comments?post=702"}],"version-history":[{"count":7,"href":"https:\/\/fundacionkairos.org\/en\/wp-json\/wp\/v2\/pages\/702\/revisions"}],"predecessor-version":[{"id":916,"href":"https:\/\/fundacionkairos.org\/en\/wp-json\/wp\/v2\/pages\/702\/revisions\/916"}],"wp:attachment":[{"href":"https:\/\/fundacionkairos.org\/en\/wp-json\/wp\/v2\/media?parent=702"}],"curies":[{"name":"wp","href":"https:\/\/api.w.org\/{rel}","templated":true}]}}