{"id":710,"date":"2025-08-09T17:35:53","date_gmt":"2025-08-09T22:35:53","guid":{"rendered":"https:\/\/fundacionkairos.org\/?page_id=710"},"modified":"2025-08-09T17:44:00","modified_gmt":"2025-08-09T22:44:00","slug":"escuela-de-futbol","status":"publish","type":"page","link":"https:\/\/fundacionkairos.org\/en\/escuela-de-futbol\/","title":{"rendered":"Soccer School"},"content":{"rendered":"<div data-elementor-type=\"wp-page\" data-elementor-id=\"710\" class=\"elementor elementor-710\" data-elementor-post-type=\"page\">\n\t\t\t\t<div class=\"elementor-element elementor-element-71d12e59 e-con-full e-flex e-con e-parent\" data-id=\"71d12e59\" data-element_type=\"container\" data-settings=\"{&quot;background_background&quot;:&quot;classic&quot;}\">\n\t\t\t\t<div class=\"elementor-element elementor-element-7b0746e6 elementor-widget elementor-widget-heading\" data-id=\"7b0746e6\" data-element_type=\"widget\" data-widget_type=\"heading.default\">\n\t\t\t\t<div class=\"elementor-widget-container\">\n\t\t\t\t\t<h1 class=\"elementor-heading-title elementor-size-default\">Soccer School<\/h1>\t\t\t\t<\/div>\n\t\t\t\t<\/div>\n\t\t\t\t<\/div>\n\t\t<div class=\"elementor-element elementor-element-169a62ec e-flex e-con-boxed e-con e-parent\" data-id=\"169a62ec\" data-element_type=\"container\">\n\t\t\t\t\t<div class=\"e-con-inner\">\n\t\t\t\t<div class=\"elementor-element elementor-element-26e4a56c elementor-widget elementor-widget-text-editor\" data-id=\"26e4a56c\" data-element_type=\"widget\" data-widget_type=\"text-editor.default\">\n\t\t\t\t<div class=\"elementor-widget-container\">\n\t\t\t\t\t\t\t\t\t<p><span style=\"font-weight: 400;\">The \"Kair\u00f3s\" Children's Soccer School arises as an initiative aimed at promoting the integral development of boys and girls, students, between 4 and 12 years old through sports practice, with an educational approach, under the values of the Kair\u00f3s Foundation, inclusive and community. It pursues the objective of teaching techniques and fundamentals of soccer, along with training in values such as respect, discipline, commitment, effort, equality and teamwork, which are fundamental for social coexistence and personal growth. Providing an activity that adds value outside of school hours, in days of three (3) training sessions per week, adapted to different ages and categories.<\/span><\/p><p><span style=\"font-weight: 400;\">This initiative was born after observing the current situation in the Isla Trinitaria community, which shows a lack of safe and accessible spaces where children can spend their free time in productive activities. Faced with this reality, the Kair\u00f3s Foundation, following its vision of serving children, has developed the children's soccer school. <\/span><\/p>\t\t\t\t\t\t\t\t<\/div>\n\t\t\t\t<\/div>\n\t\t\t\t\t<\/div>\n\t\t\t\t<\/div>\n\t\t<div class=\"elementor-element elementor-element-e86a6ff e-flex e-con-boxed e-con e-parent\" data-id=\"e86a6ff\" data-element_type=\"container\">\n\t\t\t\t\t<div class=\"e-con-inner\">\n\t\t\t\t<div class=\"elementor-element elementor-element-448b62d ee-grid-columns-3 ee-grid-columns-tablet-2 ee-grid-columns-mobile-1 ee-grid-masonry-layout--columns ee-gallery-overflow-tablet--yes ee-gallery-overflow-mobile--yes elementor-widget elementor-widget-gallery-extra\" data-id=\"448b62d\" data-element_type=\"widget\" data-settings=\"{&quot;masonry_enable&quot;:&quot;yes&quot;,&quot;tilt_enable&quot;:&quot;yes&quot;,&quot;columns&quot;:&quot;3&quot;,&quot;columns_tablet&quot;:&quot;2&quot;,&quot;columns_mobile&quot;:&quot;1&quot;,&quot;tilt_amount&quot;:{&quot;unit&quot;:&quot;px&quot;,&quot;size&quot;:20,&quot;sizes&quot;:[]},&quot;tilt_scale&quot;:{&quot;unit&quot;:&quot;px&quot;,&quot;size&quot;:1.05,&quot;sizes&quot;:[]},&quot;tilt_speed&quot;:{&quot;unit&quot;:&quot;px&quot;,&quot;size&quot;:800,&quot;sizes&quot;:[]}}\" data-widget_type=\"gallery-extra.default\">\n\t\t\t\t<div class=\"elementor-widget-container\">\n\t\t\t\t\t<div class=\"ee-gallery-wrapper\">\n\t\t\t<div class=\"ee-gallery ee-grid ee-grid--gallery ee-gallery__gallery\"><div class=\"ee-grid__item ee-grid__item--sizer\"><\/div><div class=\"ee-gallery__item ee-gallery__item--1 ee-grid__item\">\n\t\t\t\t<a class=\"ee-media ee-gallery__media\" data-elementor-open-lightbox=\"yes\" data-elementor-lightbox-slideshow=\"448b62d_710\" data-elementor-lightbox-title=\"escuela-entrenamiento\" data-e-action-hash=\"#elementor-action%3Aaction%3Dlightbox%26settings%3DeyJpZCI6NzE3LCJ1cmwiOiJodHRwczpcL1wvZnVuZGFjaW9ua2Fpcm9zLm9yZ1wvd3AtY29udGVudFwvdXBsb2Fkc1wvMjAyNVwvMDhcL2VzY3VlbGEtZW50cmVuYW1pZW50by5qcGciLCJzbGlkZXNob3ciOiI0NDhiNjJkXzcxMCJ9\" href=\"https:\/\/fundacionkairos.org\/wp-content\/uploads\/2025\/08\/escuela-entrenamiento.jpg\">\n\t\t\t\t\t<div class=\"ee-media__wrapper ee-gallery__media-wrapper ee-gallery__tilt\"><div class=\"ee-media__thumbnail ee-gallery__media__thumbnail\">\n\t\t\t<img decoding=\"async\" src=\"https:\/\/fundacionkairos.org\/wp-content\/uploads\/2025\/08\/escuela-entrenamiento.jpg\" title=\"escuela-entrenamiento\" \/>\n\t\t<\/div><div class=\"ee-media__overlay ee-gallery__media__overlay\"><\/div><\/div>\n\t\t\t\t<\/a>\n\t\t\t<\/div><div class=\"ee-gallery__item ee-gallery__item--2 ee-grid__item\">\n\t\t\t\t<a class=\"ee-media ee-gallery__media\" data-elementor-open-lightbox=\"yes\" data-elementor-lightbox-slideshow=\"448b62d_710\" data-elementor-lightbox-title=\"acondicionamiento-fisico\" data-e-action-hash=\"#elementor-action%3Aaction%3Dlightbox%26settings%3DeyJpZCI6NzIxLCJ1cmwiOiJodHRwczpcL1wvZnVuZGFjaW9ua2Fpcm9zLm9yZ1wvd3AtY29udGVudFwvdXBsb2Fkc1wvMjAyNVwvMDhcL2Fjb25kaWNpb25hbWllbnRvLWZpc2ljby5qcGciLCJzbGlkZXNob3ciOiI0NDhiNjJkXzcxMCJ9\" href=\"https:\/\/fundacionkairos.org\/wp-content\/uploads\/2025\/08\/acondicionamiento-fisico.jpg\">\n\t\t\t\t\t<div class=\"ee-media__wrapper ee-gallery__media-wrapper ee-gallery__tilt\"><div class=\"ee-media__thumbnail ee-gallery__media__thumbnail\">\n\t\t\t<img decoding=\"async\" src=\"https:\/\/fundacionkairos.org\/wp-content\/uploads\/2025\/08\/acondicionamiento-fisico.jpg\" title=\"acondicionamiento-fisico\" \/>\n\t\t<\/div><div class=\"ee-media__overlay ee-gallery__media__overlay\"><\/div><\/div>\n\t\t\t\t<\/a>\n\t\t\t<\/div><div class=\"ee-gallery__item ee-gallery__item--3 ee-grid__item\">\n\t\t\t\t<a class=\"ee-media ee-gallery__media\" data-elementor-open-lightbox=\"yes\" data-elementor-lightbox-slideshow=\"448b62d_710\" data-elementor-lightbox-title=\"regates-futbol-kairos\" data-e-action-hash=\"#elementor-action%3Aaction%3Dlightbox%26settings%3DeyJpZCI6NzIyLCJ1cmwiOiJodHRwczpcL1wvZnVuZGFjaW9ua2Fpcm9zLm9yZ1wvd3AtY29udGVudFwvdXBsb2Fkc1wvMjAyNVwvMDhcL3JlZ2F0ZXMtZnV0Ym9sLWthaXJvcy5qcGciLCJzbGlkZXNob3ciOiI0NDhiNjJkXzcxMCJ9\" href=\"https:\/\/fundacionkairos.org\/wp-content\/uploads\/2025\/08\/regates-futbol-kairos.jpg\">\n\t\t\t\t\t<div class=\"ee-media__wrapper ee-gallery__media-wrapper ee-gallery__tilt\"><div class=\"ee-media__thumbnail ee-gallery__media__thumbnail\">\n\t\t\t<img decoding=\"async\" src=\"https:\/\/fundacionkairos.org\/wp-content\/uploads\/2025\/08\/regates-futbol-kairos.jpg\" title=\"regates-futbol-kairos\" \/>\n\t\t<\/div><div class=\"ee-media__overlay ee-gallery__media__overlay\"><\/div><\/div>\n\t\t\t\t<\/a>\n\t\t\t<\/div><div class=\"ee-gallery__item ee-gallery__item--4 ee-grid__item\">\n\t\t\t\t<a class=\"ee-media ee-gallery__media\" data-elementor-open-lightbox=\"yes\" data-elementor-lightbox-slideshow=\"448b62d_710\" data-elementor-lightbox-title=\"entrenamiento-con-balon\" data-e-action-hash=\"#elementor-action%3Aaction%3Dlightbox%26settings%3DeyJpZCI6NzIzLCJ1cmwiOiJodHRwczpcL1wvZnVuZGFjaW9ua2Fpcm9zLm9yZ1wvd3AtY29udGVudFwvdXBsb2Fkc1wvMjAyNVwvMDhcL2VudHJlbmFtaWVudG8tY29uLWJhbG9uLmpwZyIsInNsaWRlc2hvdyI6IjQ0OGI2MmRfNzEwIn0%3D\" href=\"https:\/\/fundacionkairos.org\/wp-content\/uploads\/2025\/08\/entrenamiento-con-balon.jpg\">\n\t\t\t\t\t<div class=\"ee-media__wrapper ee-gallery__media-wrapper ee-gallery__tilt\"><div class=\"ee-media__thumbnail ee-gallery__media__thumbnail\">\n\t\t\t<img decoding=\"async\" src=\"https:\/\/fundacionkairos.org\/wp-content\/uploads\/2025\/08\/entrenamiento-con-balon.jpg\" title=\"entrenamiento-con-balon\" \/>\n\t\t<\/div><div class=\"ee-media__overlay ee-gallery__media__overlay\"><\/div><\/div>\n\t\t\t\t<\/a>\n\t\t\t<\/div><div class=\"ee-gallery__item ee-gallery__item--5 ee-grid__item\">\n\t\t\t\t<a class=\"ee-media ee-gallery__media\" data-elementor-open-lightbox=\"yes\" data-elementor-lightbox-slideshow=\"448b62d_710\" data-elementor-lightbox-title=\"equipo-de-futbol-kairos\" data-e-action-hash=\"#elementor-action%3Aaction%3Dlightbox%26settings%3DeyJpZCI6NzI0LCJ1cmwiOiJodHRwczpcL1wvZnVuZGFjaW9ua2Fpcm9zLm9yZ1wvd3AtY29udGVudFwvdXBsb2Fkc1wvMjAyNVwvMDhcL2VxdWlwby1kZS1mdXRib2wta2Fpcm9zLmpwZyIsInNsaWRlc2hvdyI6IjQ0OGI2MmRfNzEwIn0%3D\" href=\"https:\/\/fundacionkairos.org\/wp-content\/uploads\/2025\/08\/equipo-de-futbol-kairos.jpg\">\n\t\t\t\t\t<div class=\"ee-media__wrapper ee-gallery__media-wrapper ee-gallery__tilt\"><div class=\"ee-media__thumbnail ee-gallery__media__thumbnail\">\n\t\t\t<img decoding=\"async\" src=\"https:\/\/fundacionkairos.org\/wp-content\/uploads\/2025\/08\/equipo-de-futbol-kairos.jpg\" title=\"equipo-de-futbol-kairos\" \/>\n\t\t<\/div><div class=\"ee-media__overlay ee-gallery__media__overlay\"><\/div><\/div>\n\t\t\t\t<\/a>\n\t\t\t<\/div><div class=\"ee-gallery__item ee-gallery__item--6 ee-grid__item\">\n\t\t\t\t<a class=\"ee-media ee-gallery__media\" data-elementor-open-lightbox=\"yes\" data-elementor-lightbox-slideshow=\"448b62d_710\" data-elementor-lightbox-title=\"entrenamiento-resistencia\" data-e-action-hash=\"#elementor-action%3Aaction%3Dlightbox%26settings%3DeyJpZCI6NzI1LCJ1cmwiOiJodHRwczpcL1wvZnVuZGFjaW9ua2Fpcm9zLm9yZ1wvd3AtY29udGVudFwvdXBsb2Fkc1wvMjAyNVwvMDhcL2VudHJlbmFtaWVudG8tcmVzaXN0ZW5jaWEuanBnIiwic2xpZGVzaG93IjoiNDQ4YjYyZF83MTAifQ%3D%3D\" href=\"https:\/\/fundacionkairos.org\/wp-content\/uploads\/2025\/08\/entrenamiento-resistencia.jpg\">\n\t\t\t\t\t<div class=\"ee-media__wrapper ee-gallery__media-wrapper ee-gallery__tilt\"><div class=\"ee-media__thumbnail ee-gallery__media__thumbnail\">\n\t\t\t<img decoding=\"async\" src=\"https:\/\/fundacionkairos.org\/wp-content\/uploads\/2025\/08\/entrenamiento-resistencia.jpg\" title=\"entrenamiento-resistencia\" \/>\n\t\t<\/div><div class=\"ee-media__overlay ee-gallery__media__overlay\"><\/div><\/div>\n\t\t\t\t<\/a>\n\t\t\t<\/div><div class=\"ee-gallery__item ee-gallery__item--7 ee-grid__item\">\n\t\t\t\t<a class=\"ee-media ee-gallery__media\" data-elementor-open-lightbox=\"yes\" data-elementor-lightbox-slideshow=\"448b62d_710\" data-elementor-lightbox-title=\"manejo-de-balon\" data-e-action-hash=\"#elementor-action%3Aaction%3Dlightbox%26settings%3DeyJpZCI6NzE4LCJ1cmwiOiJodHRwczpcL1wvZnVuZGFjaW9ua2Fpcm9zLm9yZ1wvd3AtY29udGVudFwvdXBsb2Fkc1wvMjAyNVwvMDhcL21hbmVqby1kZS1iYWxvbi5qcGciLCJzbGlkZXNob3ciOiI0NDhiNjJkXzcxMCJ9\" href=\"https:\/\/fundacionkairos.org\/wp-content\/uploads\/2025\/08\/manejo-de-balon.jpg\">\n\t\t\t\t\t<div class=\"ee-media__wrapper ee-gallery__media-wrapper ee-gallery__tilt\"><div class=\"ee-media__thumbnail ee-gallery__media__thumbnail\">\n\t\t\t<img decoding=\"async\" src=\"https:\/\/fundacionkairos.org\/wp-content\/uploads\/2025\/08\/manejo-de-balon.jpg\" title=\"manejo-de-balon\" \/>\n\t\t<\/div><div class=\"ee-media__overlay ee-gallery__media__overlay\"><\/div><\/div>\n\t\t\t\t<\/a>\n\t\t\t<\/div><div class=\"ee-gallery__item ee-gallery__item--8 ee-grid__item\">\n\t\t\t\t<a class=\"ee-media ee-gallery__media\" data-elementor-open-lightbox=\"yes\" data-elementor-lightbox-slideshow=\"448b62d_710\" data-elementor-lightbox-title=\"con-pelota-parada\" data-e-action-hash=\"#elementor-action%3Aaction%3Dlightbox%26settings%3DeyJpZCI6NzE5LCJ1cmwiOiJodHRwczpcL1wvZnVuZGFjaW9ua2Fpcm9zLm9yZ1wvd3AtY29udGVudFwvdXBsb2Fkc1wvMjAyNVwvMDhcL2Nvbi1wZWxvdGEtcGFyYWRhLmpwZyIsInNsaWRlc2hvdyI6IjQ0OGI2MmRfNzEwIn0%3D\" href=\"https:\/\/fundacionkairos.org\/wp-content\/uploads\/2025\/08\/con-pelota-parada.jpg\">\n\t\t\t\t\t<div class=\"ee-media__wrapper ee-gallery__media-wrapper ee-gallery__tilt\"><div class=\"ee-media__thumbnail ee-gallery__media__thumbnail\">\n\t\t\t<img decoding=\"async\" src=\"https:\/\/fundacionkairos.org\/wp-content\/uploads\/2025\/08\/con-pelota-parada.jpg\" title=\"con-pelota-parada\" \/>\n\t\t<\/div><div class=\"ee-media__overlay ee-gallery__media__overlay\"><\/div><\/div>\n\t\t\t\t<\/a>\n\t\t\t<\/div><div class=\"ee-gallery__item ee-gallery__item--9 ee-grid__item\">\n\t\t\t\t<a class=\"ee-media ee-gallery__media\" data-elementor-open-lightbox=\"yes\" data-elementor-lightbox-slideshow=\"448b62d_710\" data-elementor-lightbox-title=\"jugador-futbol\" data-e-action-hash=\"#elementor-action%3Aaction%3Dlightbox%26settings%3DeyJpZCI6NzIwLCJ1cmwiOiJodHRwczpcL1wvZnVuZGFjaW9ua2Fpcm9zLm9yZ1wvd3AtY29udGVudFwvdXBsb2Fkc1wvMjAyNVwvMDhcL2p1Z2Fkb3ItZnV0Ym9sLmpwZyIsInNsaWRlc2hvdyI6IjQ0OGI2MmRfNzEwIn0%3D\" href=\"https:\/\/fundacionkairos.org\/wp-content\/uploads\/2025\/08\/jugador-futbol.jpg\">\n\t\t\t\t\t<div class=\"ee-media__wrapper ee-gallery__media-wrapper ee-gallery__tilt\"><div class=\"ee-media__thumbnail ee-gallery__media__thumbnail\">\n\t\t\t<img decoding=\"async\" src=\"https:\/\/fundacionkairos.org\/wp-content\/uploads\/2025\/08\/jugador-futbol.jpg\" title=\"jugador-futbol\" \/>\n\t\t<\/div><div class=\"ee-media__overlay ee-gallery__media__overlay\"><\/div><\/div>\n\t\t\t\t<\/a>\n\t\t\t<\/div><\/div>\n\t\t<\/div>\t\t\t\t<\/div>\n\t\t\t\t<\/div>\n\t\t\t\t\t<\/div>\n\t\t\t\t<\/div>\n\t\t<div class=\"elementor-element elementor-element-11b7da7a e-flex e-con-boxed e-con e-parent\" data-id=\"11b7da7a\" data-element_type=\"container\">\n\t\t\t\t\t<div class=\"e-con-inner\">\n\t\t\t\t<div class=\"elementor-element elementor-element-26bd23b7 elementor-widget elementor-widget-spacer\" data-id=\"26bd23b7\" data-element_type=\"widget\" data-widget_type=\"spacer.default\">\n\t\t\t\t<div class=\"elementor-widget-container\">\n\t\t\t\t\t\t\t<div class=\"elementor-spacer\">\n\t\t\t<div class=\"elementor-spacer-inner\"><\/div>\n\t\t<\/div>\n\t\t\t\t\t\t<\/div>\n\t\t\t\t<\/div>\n\t\t\t\t\t<\/div>\n\t\t\t\t<\/div>\n\t\t\t\t<\/div>","protected":false},"excerpt":{"rendered":"<p>La Escuela de F\u00fatbol Infantil \u201cKair\u00f3s\u201d surge como una iniciativa orientada a fomentar el desarrollo integral de ni\u00f1os y ni\u00f1as, estudiantes, entre los 4 y 12 a\u00f1os mediante la pr\u00e1ctica deportiva, con un enfoque educativo, bajo los valores de la Fundaci\u00f3n Kair\u00f3s, inclusivo y comunitario. Persigue el objetivo de ense\u00f1ar t\u00e9cnicas y fundamentos del f\u00fatbol, [&hellip;]<\/p>","protected":false},"author":1,"featured_media":0,"parent":0,"menu_order":0,"comment_status":"closed","ping_status":"closed","template":"elementor_header_footer","meta":{"footnotes":""},"class_list":["post-710","page","type-page","status-publish","hentry"],"_links":{"self":[{"href":"https:\/\/fundacionkairos.org\/en\/wp-json\/wp\/v2\/pages\/710","targetHints":{"allow":["GET"]}}],"collection":[{"href":"https:\/\/fundacionkairos.org\/en\/wp-json\/wp\/v2\/pages"}],"about":[{"href":"https:\/\/fundacionkairos.org\/en\/wp-json\/wp\/v2\/types\/page"}],"author":[{"embeddable":true,"href":"https:\/\/fundacionkairos.org\/en\/wp-json\/wp\/v2\/users\/1"}],"replies":[{"embeddable":true,"href":"https:\/\/fundacionkairos.org\/en\/wp-json\/wp\/v2\/comments?post=710"}],"version-history":[{"count":10,"href":"https:\/\/fundacionkairos.org\/en\/wp-json\/wp\/v2\/pages\/710\/revisions"}],"predecessor-version":[{"id":731,"href":"https:\/\/fundacionkairos.org\/en\/wp-json\/wp\/v2\/pages\/710\/revisions\/731"}],"wp:attachment":[{"href":"https:\/\/fundacionkairos.org\/en\/wp-json\/wp\/v2\/media?parent=710"}],"curies":[{"name":"wp","href":"https:\/\/api.w.org\/{rel}","templated":true}]}}