{"id":733,"date":"2025-08-09T17:47:07","date_gmt":"2025-08-09T22:47:07","guid":{"rendered":"https:\/\/fundacionkairos.org\/?page_id=733"},"modified":"2025-09-02T13:17:23","modified_gmt":"2025-09-02T18:17:23","slug":"escuela-de-artes-marciales","status":"publish","type":"page","link":"https:\/\/fundacionkairos.org\/en\/escuela-de-artes-marciales\/","title":{"rendered":"Martial Arts School"},"content":{"rendered":"<div data-elementor-type=\"wp-page\" data-elementor-id=\"733\" class=\"elementor elementor-733\" data-elementor-post-type=\"page\">\n\t\t\t\t<div class=\"elementor-element elementor-element-5ef22394 e-con-full e-flex e-con e-parent\" data-id=\"5ef22394\" data-element_type=\"container\" data-settings=\"{&quot;background_background&quot;:&quot;classic&quot;}\">\n\t\t\t\t<div class=\"elementor-element elementor-element-3e66e24 elementor-widget elementor-widget-heading\" data-id=\"3e66e24\" data-element_type=\"widget\" data-widget_type=\"heading.default\">\n\t\t\t\t<div class=\"elementor-widget-container\">\n\t\t\t\t\t<h1 class=\"elementor-heading-title elementor-size-default\">Martial Arts School<\/h1>\t\t\t\t<\/div>\n\t\t\t\t<\/div>\n\t\t\t\t<\/div>\n\t\t<div class=\"elementor-element elementor-element-152c4c1d e-flex e-con-boxed e-con e-parent\" data-id=\"152c4c1d\" data-element_type=\"container\">\n\t\t\t\t\t<div class=\"e-con-inner\">\n\t\t\t\t<div class=\"elementor-element elementor-element-58579b1c elementor-widget elementor-widget-text-editor\" data-id=\"58579b1c\" data-element_type=\"widget\" data-widget_type=\"text-editor.default\">\n\t\t\t\t<div class=\"elementor-widget-container\">\n\t\t\t\t\t\t\t\t\t<p><span style=\"font-weight: 400;\">At the Kair\u00f3s Foundation, we believe that sport is a powerful tool for building character, discipline, and confidence. That's why we're opening our Martial Arts School, a space where children, youth, and adults from the community can learn, train, and grow together.<\/span><\/p><p><span style=\"font-weight: 400;\">We offer classes of:<\/span><\/p><ul><li><span style=\"font-weight: 400;\">Kick Boxing, to improve strength, endurance and coordination.<\/span><\/li><li><span style=\"font-weight: 400;\">Sanda, a Chinese martial art that combines technique, agility and strategy.<\/span><\/li><\/ul><p>\u00a0<\/p><p><span style=\"font-weight: 400;\">More than just a physical workout, our classes teach values like respect, perseverance, and self-control, providing a safe, inclusive, and motivating environment.<\/span><\/p><p><span style=\"font-weight: 400;\">Here, every stroke, every movement, and every practice are steps toward a healthier, safer, and more confident life.<\/span><\/p><p><span style=\"font-weight: 400;\">At Kair\u00f3s, we train the body, strengthen the mind, and forge the spirit. <\/span><\/p>\t\t\t\t\t\t\t\t<\/div>\n\t\t\t\t<\/div>\n\t\t\t\t\t<\/div>\n\t\t\t\t<\/div>\n\t\t<div class=\"elementor-element elementor-element-beb5b87 e-flex e-con-boxed e-con e-parent\" data-id=\"beb5b87\" data-element_type=\"container\">\n\t\t\t\t\t<div class=\"e-con-inner\">\n\t\t\t\t<div class=\"elementor-element elementor-element-80dc678 ee-grid-columns-3 ee-grid-columns-tablet-2 ee-grid-columns-mobile-1 ee-grid-halign--left ee-grid-align--top ee-gallery-overflow-tablet--yes ee-gallery-overflow-mobile--yes elementor-widget elementor-widget-gallery-extra\" data-id=\"80dc678\" data-element_type=\"widget\" data-settings=\"{&quot;tilt_enable&quot;:&quot;yes&quot;,&quot;columns&quot;:&quot;3&quot;,&quot;columns_tablet&quot;:&quot;2&quot;,&quot;columns_mobile&quot;:&quot;1&quot;,&quot;tilt_amount&quot;:{&quot;unit&quot;:&quot;px&quot;,&quot;size&quot;:20,&quot;sizes&quot;:[]},&quot;tilt_scale&quot;:{&quot;unit&quot;:&quot;px&quot;,&quot;size&quot;:1.05,&quot;sizes&quot;:[]},&quot;tilt_speed&quot;:{&quot;unit&quot;:&quot;px&quot;,&quot;size&quot;:800,&quot;sizes&quot;:[]}}\" data-widget_type=\"gallery-extra.default\">\n\t\t\t\t<div class=\"elementor-widget-container\">\n\t\t\t\t\t<div class=\"ee-gallery-wrapper\">\n\t\t\t<div class=\"ee-gallery ee-grid ee-grid--gallery ee-gallery__gallery\"><div class=\"ee-gallery__item ee-gallery__item--1 ee-grid__item\">\n\t\t\t\t<a class=\"ee-media ee-gallery__media\" data-elementor-open-lightbox=\"yes\" data-elementor-lightbox-slideshow=\"80dc678_733\" data-elementor-lightbox-title=\"el-equipo-artes-marciales\" data-e-action-hash=\"#elementor-action%3Aaction%3Dlightbox%26settings%3DeyJpZCI6NzM4LCJ1cmwiOiJodHRwczpcL1wvZnVuZGFjaW9ua2Fpcm9zLm9yZ1wvd3AtY29udGVudFwvdXBsb2Fkc1wvMjAyNVwvMDhcL2VsLWVxdWlwby1hcnRlcy1tYXJjaWFsZXMuanBnIiwic2xpZGVzaG93IjoiODBkYzY3OF83MzMifQ%3D%3D\" href=\"https:\/\/fundacionkairos.org\/wp-content\/uploads\/2025\/08\/el-equipo-artes-marciales.jpg\">\n\t\t\t\t\t<div class=\"ee-media__wrapper ee-gallery__media-wrapper ee-gallery__tilt\"><div class=\"ee-media__thumbnail ee-gallery__media__thumbnail\">\n\t\t\t<img decoding=\"async\" src=\"https:\/\/fundacionkairos.org\/wp-content\/uploads\/2025\/08\/el-equipo-artes-marciales.jpg\" title=\"el-equipo-artes-marciales\" \/>\n\t\t<\/div><div class=\"ee-media__overlay ee-gallery__media__overlay\"><\/div><\/div>\n\t\t\t\t<\/a>\n\t\t\t<\/div><div class=\"ee-gallery__item ee-gallery__item--2 ee-grid__item\">\n\t\t\t\t<a class=\"ee-media ee-gallery__media\" data-elementor-open-lightbox=\"yes\" data-elementor-lightbox-slideshow=\"80dc678_733\" data-elementor-lightbox-title=\"artes-marciales\" data-e-action-hash=\"#elementor-action%3Aaction%3Dlightbox%26settings%3DeyJpZCI6NzM5LCJ1cmwiOiJodHRwczpcL1wvZnVuZGFjaW9ua2Fpcm9zLm9yZ1wvd3AtY29udGVudFwvdXBsb2Fkc1wvMjAyNVwvMDhcL2FydGVzLW1hcmNpYWxlcy5qcGciLCJzbGlkZXNob3ciOiI4MGRjNjc4XzczMyJ9\" href=\"https:\/\/fundacionkairos.org\/wp-content\/uploads\/2025\/08\/artes-marciales.jpg\">\n\t\t\t\t\t<div class=\"ee-media__wrapper ee-gallery__media-wrapper ee-gallery__tilt\"><div class=\"ee-media__thumbnail ee-gallery__media__thumbnail\">\n\t\t\t<img decoding=\"async\" src=\"https:\/\/fundacionkairos.org\/wp-content\/uploads\/2025\/08\/artes-marciales.jpg\" title=\"artes-marciales\" \/>\n\t\t<\/div><div class=\"ee-media__overlay ee-gallery__media__overlay\"><\/div><\/div>\n\t\t\t\t<\/a>\n\t\t\t<\/div><div class=\"ee-gallery__item ee-gallery__item--3 ee-grid__item\">\n\t\t\t\t<a class=\"ee-media ee-gallery__media\" data-elementor-open-lightbox=\"yes\" data-elementor-lightbox-slideshow=\"80dc678_733\" data-elementor-lightbox-title=\"medallas-artes-marciales\" data-e-action-hash=\"#elementor-action%3Aaction%3Dlightbox%26settings%3DeyJpZCI6NzM3LCJ1cmwiOiJodHRwczpcL1wvZnVuZGFjaW9ua2Fpcm9zLm9yZ1wvd3AtY29udGVudFwvdXBsb2Fkc1wvMjAyNVwvMDhcL21lZGFsbGFzLWFydGVzLW1hcmNpYWxlcy5qcGciLCJzbGlkZXNob3ciOiI4MGRjNjc4XzczMyJ9\" href=\"https:\/\/fundacionkairos.org\/wp-content\/uploads\/2025\/08\/medallas-artes-marciales.jpg\">\n\t\t\t\t\t<div class=\"ee-media__wrapper ee-gallery__media-wrapper ee-gallery__tilt\"><div class=\"ee-media__thumbnail ee-gallery__media__thumbnail\">\n\t\t\t<img decoding=\"async\" src=\"https:\/\/fundacionkairos.org\/wp-content\/uploads\/2025\/08\/medallas-artes-marciales.jpg\" title=\"medallas-artes-marciales\" \/>\n\t\t<\/div><div class=\"ee-media__overlay ee-gallery__media__overlay\"><\/div><\/div>\n\t\t\t\t<\/a>\n\t\t\t<\/div><div class=\"ee-gallery__item ee-gallery__item--4 ee-grid__item\">\n\t\t\t\t<a class=\"ee-media ee-gallery__media\" data-elementor-open-lightbox=\"yes\" data-elementor-lightbox-slideshow=\"80dc678_733\" data-elementor-lightbox-title=\"artes-marciales-premiacion\" data-e-action-hash=\"#elementor-action%3Aaction%3Dlightbox%26settings%3DeyJpZCI6ODM1LCJ1cmwiOiJodHRwczpcL1wvZnVuZGFjaW9ua2Fpcm9zLm9yZ1wvd3AtY29udGVudFwvdXBsb2Fkc1wvMjAyNVwvMDlcL2FydGVzLW1hcmNpYWxlcy1wcmVtaWFjaW9uLmpwZyIsInNsaWRlc2hvdyI6IjgwZGM2NzhfNzMzIn0%3D\" href=\"https:\/\/fundacionkairos.org\/wp-content\/uploads\/2025\/09\/artes-marciales-premiacion.jpg\">\n\t\t\t\t\t<div class=\"ee-media__wrapper ee-gallery__media-wrapper ee-gallery__tilt\"><div class=\"ee-media__thumbnail ee-gallery__media__thumbnail\">\n\t\t\t<img decoding=\"async\" src=\"https:\/\/fundacionkairos.org\/wp-content\/uploads\/2025\/09\/artes-marciales-premiacion.jpg\" title=\"artes-marciales-premiacion\" \/>\n\t\t<\/div><div class=\"ee-media__overlay ee-gallery__media__overlay\"><\/div><\/div>\n\t\t\t\t<\/a>\n\t\t\t<\/div><div class=\"ee-gallery__item ee-gallery__item--5 ee-grid__item\">\n\t\t\t\t<a class=\"ee-media ee-gallery__media\" data-elementor-open-lightbox=\"yes\" data-elementor-lightbox-slideshow=\"80dc678_733\" data-elementor-lightbox-title=\"ataque-artes-marciales\" data-e-action-hash=\"#elementor-action%3Aaction%3Dlightbox%26settings%3DeyJpZCI6ODM2LCJ1cmwiOiJodHRwczpcL1wvZnVuZGFjaW9ua2Fpcm9zLm9yZ1wvd3AtY29udGVudFwvdXBsb2Fkc1wvMjAyNVwvMDlcL2F0YXF1ZS1hcnRlcy1tYXJjaWFsZXMuanBnIiwic2xpZGVzaG93IjoiODBkYzY3OF83MzMifQ%3D%3D\" href=\"https:\/\/fundacionkairos.org\/wp-content\/uploads\/2025\/09\/ataque-artes-marciales.jpg\">\n\t\t\t\t\t<div class=\"ee-media__wrapper ee-gallery__media-wrapper ee-gallery__tilt\"><div class=\"ee-media__thumbnail ee-gallery__media__thumbnail\">\n\t\t\t<img decoding=\"async\" src=\"https:\/\/fundacionkairos.org\/wp-content\/uploads\/2025\/09\/ataque-artes-marciales.jpg\" title=\"ataque-artes-marciales\" \/>\n\t\t<\/div><div class=\"ee-media__overlay ee-gallery__media__overlay\"><\/div><\/div>\n\t\t\t\t<\/a>\n\t\t\t<\/div><div class=\"ee-gallery__item ee-gallery__item--6 ee-grid__item\">\n\t\t\t\t<a class=\"ee-media ee-gallery__media\" data-elementor-open-lightbox=\"yes\" data-elementor-lightbox-slideshow=\"80dc678_733\" data-elementor-lightbox-title=\"defensa-artes-marciales\" data-e-action-hash=\"#elementor-action%3Aaction%3Dlightbox%26settings%3DeyJpZCI6ODM3LCJ1cmwiOiJodHRwczpcL1wvZnVuZGFjaW9ua2Fpcm9zLm9yZ1wvd3AtY29udGVudFwvdXBsb2Fkc1wvMjAyNVwvMDlcL2RlZmVuc2EtYXJ0ZXMtbWFyY2lhbGVzLmpwZyIsInNsaWRlc2hvdyI6IjgwZGM2NzhfNzMzIn0%3D\" href=\"https:\/\/fundacionkairos.org\/wp-content\/uploads\/2025\/09\/defensa-artes-marciales.jpg\">\n\t\t\t\t\t<div class=\"ee-media__wrapper ee-gallery__media-wrapper ee-gallery__tilt\"><div class=\"ee-media__thumbnail ee-gallery__media__thumbnail\">\n\t\t\t<img decoding=\"async\" src=\"https:\/\/fundacionkairos.org\/wp-content\/uploads\/2025\/09\/defensa-artes-marciales.jpg\" title=\"defensa-artes-marciales\" \/>\n\t\t<\/div><div class=\"ee-media__overlay ee-gallery__media__overlay\"><\/div><\/div>\n\t\t\t\t<\/a>\n\t\t\t<\/div><div class=\"ee-gallery__item ee-gallery__item--7 ee-grid__item\">\n\t\t\t\t<a class=\"ee-media ee-gallery__media\" data-elementor-open-lightbox=\"yes\" data-elementor-lightbox-slideshow=\"80dc678_733\" data-elementor-lightbox-title=\"medallas-artes-marciales\" data-e-action-hash=\"#elementor-action%3Aaction%3Dlightbox%26settings%3DeyJpZCI6ODM4LCJ1cmwiOiJodHRwczpcL1wvZnVuZGFjaW9ua2Fpcm9zLm9yZ1wvd3AtY29udGVudFwvdXBsb2Fkc1wvMjAyNVwvMDlcL21lZGFsbGFzLWFydGVzLW1hcmNpYWxlcy5qcGciLCJzbGlkZXNob3ciOiI4MGRjNjc4XzczMyJ9\" href=\"https:\/\/fundacionkairos.org\/wp-content\/uploads\/2025\/09\/medallas-artes-marciales.jpg\">\n\t\t\t\t\t<div class=\"ee-media__wrapper ee-gallery__media-wrapper ee-gallery__tilt\"><div class=\"ee-media__thumbnail ee-gallery__media__thumbnail\">\n\t\t\t<img decoding=\"async\" src=\"https:\/\/fundacionkairos.org\/wp-content\/uploads\/2025\/09\/medallas-artes-marciales.jpg\" title=\"medallas-artes-marciales\" \/>\n\t\t<\/div><div class=\"ee-media__overlay ee-gallery__media__overlay\"><\/div><\/div>\n\t\t\t\t<\/a>\n\t\t\t<\/div><div class=\"ee-gallery__item ee-gallery__item--8 ee-grid__item\">\n\t\t\t\t<a class=\"ee-media ee-gallery__media\" data-elementor-open-lightbox=\"yes\" data-elementor-lightbox-slideshow=\"80dc678_733\" data-elementor-lightbox-title=\"artes-marciales-entrenamiento\" data-e-action-hash=\"#elementor-action%3Aaction%3Dlightbox%26settings%3DeyJpZCI6ODM5LCJ1cmwiOiJodHRwczpcL1wvZnVuZGFjaW9ua2Fpcm9zLm9yZ1wvd3AtY29udGVudFwvdXBsb2Fkc1wvMjAyNVwvMDlcL2FydGVzLW1hcmNpYWxlcy1lbnRyZW5hbWllbnRvLmpwZyIsInNsaWRlc2hvdyI6IjgwZGM2NzhfNzMzIn0%3D\" href=\"https:\/\/fundacionkairos.org\/wp-content\/uploads\/2025\/09\/artes-marciales-entrenamiento.jpg\">\n\t\t\t\t\t<div class=\"ee-media__wrapper ee-gallery__media-wrapper ee-gallery__tilt\"><div class=\"ee-media__thumbnail ee-gallery__media__thumbnail\">\n\t\t\t<img decoding=\"async\" src=\"https:\/\/fundacionkairos.org\/wp-content\/uploads\/2025\/09\/artes-marciales-entrenamiento.jpg\" title=\"artes-marciales-entrenamiento\" \/>\n\t\t<\/div><div class=\"ee-media__overlay ee-gallery__media__overlay\"><\/div><\/div>\n\t\t\t\t<\/a>\n\t\t\t<\/div><div class=\"ee-gallery__item ee-gallery__item--9 ee-grid__item\">\n\t\t\t\t<a class=\"ee-media ee-gallery__media\" data-elementor-open-lightbox=\"yes\" data-elementor-lightbox-slideshow=\"80dc678_733\" data-elementor-lightbox-title=\"formacion-artes-marciales\" data-e-action-hash=\"#elementor-action%3Aaction%3Dlightbox%26settings%3DeyJpZCI6ODQwLCJ1cmwiOiJodHRwczpcL1wvZnVuZGFjaW9ua2Fpcm9zLm9yZ1wvd3AtY29udGVudFwvdXBsb2Fkc1wvMjAyNVwvMDlcL2Zvcm1hY2lvbi1hcnRlcy1tYXJjaWFsZXMuanBnIiwic2xpZGVzaG93IjoiODBkYzY3OF83MzMifQ%3D%3D\" href=\"https:\/\/fundacionkairos.org\/wp-content\/uploads\/2025\/09\/formacion-artes-marciales.jpg\">\n\t\t\t\t\t<div class=\"ee-media__wrapper ee-gallery__media-wrapper ee-gallery__tilt\"><div class=\"ee-media__thumbnail ee-gallery__media__thumbnail\">\n\t\t\t<img decoding=\"async\" src=\"https:\/\/fundacionkairos.org\/wp-content\/uploads\/2025\/09\/formacion-artes-marciales.jpg\" title=\"formacion-artes-marciales\" \/>\n\t\t<\/div><div class=\"ee-media__overlay ee-gallery__media__overlay\"><\/div><\/div>\n\t\t\t\t<\/a>\n\t\t\t<\/div><div class=\"ee-gallery__item ee-gallery__item--10 ee-grid__item\">\n\t\t\t\t<a class=\"ee-media ee-gallery__media\" data-elementor-open-lightbox=\"yes\" data-elementor-lightbox-slideshow=\"80dc678_733\" data-elementor-lightbox-title=\"el-equipo-artes-marciales\" data-e-action-hash=\"#elementor-action%3Aaction%3Dlightbox%26settings%3DeyJpZCI6ODQxLCJ1cmwiOiJodHRwczpcL1wvZnVuZGFjaW9ua2Fpcm9zLm9yZ1wvd3AtY29udGVudFwvdXBsb2Fkc1wvMjAyNVwvMDlcL2VsLWVxdWlwby1hcnRlcy1tYXJjaWFsZXMuanBnIiwic2xpZGVzaG93IjoiODBkYzY3OF83MzMifQ%3D%3D\" href=\"https:\/\/fundacionkairos.org\/wp-content\/uploads\/2025\/09\/el-equipo-artes-marciales.jpg\">\n\t\t\t\t\t<div class=\"ee-media__wrapper ee-gallery__media-wrapper ee-gallery__tilt\"><div class=\"ee-media__thumbnail ee-gallery__media__thumbnail\">\n\t\t\t<img decoding=\"async\" src=\"https:\/\/fundacionkairos.org\/wp-content\/uploads\/2025\/09\/el-equipo-artes-marciales.jpg\" title=\"el-equipo-artes-marciales\" \/>\n\t\t<\/div><div class=\"ee-media__overlay ee-gallery__media__overlay\"><\/div><\/div>\n\t\t\t\t<\/a>\n\t\t\t<\/div><div class=\"ee-gallery__item ee-gallery__item--11 ee-grid__item\">\n\t\t\t\t<a class=\"ee-media ee-gallery__media\" data-elementor-open-lightbox=\"yes\" data-elementor-lightbox-slideshow=\"80dc678_733\" data-elementor-lightbox-title=\"equipo-campeon-artes-marciales\" data-e-action-hash=\"#elementor-action%3Aaction%3Dlightbox%26settings%3DeyJpZCI6ODQyLCJ1cmwiOiJodHRwczpcL1wvZnVuZGFjaW9ua2Fpcm9zLm9yZ1wvd3AtY29udGVudFwvdXBsb2Fkc1wvMjAyNVwvMDlcL2VxdWlwby1jYW1wZW9uLWFydGVzLW1hcmNpYWxlcy5qcGciLCJzbGlkZXNob3ciOiI4MGRjNjc4XzczMyJ9\" href=\"https:\/\/fundacionkairos.org\/wp-content\/uploads\/2025\/09\/equipo-campeon-artes-marciales.jpg\">\n\t\t\t\t\t<div class=\"ee-media__wrapper ee-gallery__media-wrapper ee-gallery__tilt\"><div class=\"ee-media__thumbnail ee-gallery__media__thumbnail\">\n\t\t\t<img decoding=\"async\" src=\"https:\/\/fundacionkairos.org\/wp-content\/uploads\/2025\/09\/equipo-campeon-artes-marciales.jpg\" title=\"equipo-campeon-artes-marciales\" \/>\n\t\t<\/div><div class=\"ee-media__overlay ee-gallery__media__overlay\"><\/div><\/div>\n\t\t\t\t<\/a>\n\t\t\t<\/div><div class=\"ee-gallery__item ee-gallery__item--12 ee-grid__item\">\n\t\t\t\t<a class=\"ee-media ee-gallery__media\" data-elementor-open-lightbox=\"yes\" data-elementor-lightbox-slideshow=\"80dc678_733\" data-elementor-lightbox-title=\"campeones-artes-marciales\" data-e-action-hash=\"#elementor-action%3Aaction%3Dlightbox%26settings%3DeyJpZCI6ODQzLCJ1cmwiOiJodHRwczpcL1wvZnVuZGFjaW9ua2Fpcm9zLm9yZ1wvd3AtY29udGVudFwvdXBsb2Fkc1wvMjAyNVwvMDlcL2NhbXBlb25lcy1hcnRlcy1tYXJjaWFsZXMuanBnIiwic2xpZGVzaG93IjoiODBkYzY3OF83MzMifQ%3D%3D\" href=\"https:\/\/fundacionkairos.org\/wp-content\/uploads\/2025\/09\/campeones-artes-marciales.jpg\">\n\t\t\t\t\t<div class=\"ee-media__wrapper ee-gallery__media-wrapper ee-gallery__tilt\"><div class=\"ee-media__thumbnail ee-gallery__media__thumbnail\">\n\t\t\t<img decoding=\"async\" src=\"https:\/\/fundacionkairos.org\/wp-content\/uploads\/2025\/09\/campeones-artes-marciales.jpg\" title=\"campeones-artes-marciales\" \/>\n\t\t<\/div><div class=\"ee-media__overlay ee-gallery__media__overlay\"><\/div><\/div>\n\t\t\t\t<\/a>\n\t\t\t<\/div><div class=\"ee-gallery__item ee-gallery__item--13 ee-grid__item\">\n\t\t\t\t<a class=\"ee-media ee-gallery__media\" data-elementor-open-lightbox=\"yes\" data-elementor-lightbox-slideshow=\"80dc678_733\" data-elementor-lightbox-title=\"reconocimiento-artes-marciales\" data-e-action-hash=\"#elementor-action%3Aaction%3Dlightbox%26settings%3DeyJpZCI6ODQ0LCJ1cmwiOiJodHRwczpcL1wvZnVuZGFjaW9ua2Fpcm9zLm9yZ1wvd3AtY29udGVudFwvdXBsb2Fkc1wvMjAyNVwvMDlcL3JlY29ub2NpbWllbnRvLWFydGVzLW1hcmNpYWxlcy5qcGciLCJzbGlkZXNob3ciOiI4MGRjNjc4XzczMyJ9\" href=\"https:\/\/fundacionkairos.org\/wp-content\/uploads\/2025\/09\/reconocimiento-artes-marciales.jpg\">\n\t\t\t\t\t<div class=\"ee-media__wrapper ee-gallery__media-wrapper ee-gallery__tilt\"><div class=\"ee-media__thumbnail ee-gallery__media__thumbnail\">\n\t\t\t<img decoding=\"async\" src=\"https:\/\/fundacionkairos.org\/wp-content\/uploads\/2025\/09\/reconocimiento-artes-marciales.jpg\" title=\"reconocimiento-artes-marciales\" \/>\n\t\t<\/div><div class=\"ee-media__overlay ee-gallery__media__overlay\"><\/div><\/div>\n\t\t\t\t<\/a>\n\t\t\t<\/div><div class=\"ee-gallery__item ee-gallery__item--14 ee-grid__item\">\n\t\t\t\t<a class=\"ee-media ee-gallery__media\" data-elementor-open-lightbox=\"yes\" data-elementor-lightbox-slideshow=\"80dc678_733\" data-elementor-lightbox-title=\"disciplina-artes-marciales\" data-e-action-hash=\"#elementor-action%3Aaction%3Dlightbox%26settings%3DeyJpZCI6ODQ1LCJ1cmwiOiJodHRwczpcL1wvZnVuZGFjaW9ua2Fpcm9zLm9yZ1wvd3AtY29udGVudFwvdXBsb2Fkc1wvMjAyNVwvMDlcL2Rpc2NpcGxpbmEtYXJ0ZXMtbWFyY2lhbGVzLmpwZyIsInNsaWRlc2hvdyI6IjgwZGM2NzhfNzMzIn0%3D\" href=\"https:\/\/fundacionkairos.org\/wp-content\/uploads\/2025\/09\/disciplina-artes-marciales.jpg\">\n\t\t\t\t\t<div class=\"ee-media__wrapper ee-gallery__media-wrapper ee-gallery__tilt\"><div class=\"ee-media__thumbnail ee-gallery__media__thumbnail\">\n\t\t\t<img decoding=\"async\" src=\"https:\/\/fundacionkairos.org\/wp-content\/uploads\/2025\/09\/disciplina-artes-marciales.jpg\" title=\"disciplina-artes-marciales\" \/>\n\t\t<\/div><div class=\"ee-media__overlay ee-gallery__media__overlay\"><\/div><\/div>\n\t\t\t\t<\/a>\n\t\t\t<\/div><div class=\"ee-gallery__item ee-gallery__item--15 ee-grid__item\">\n\t\t\t\t<a class=\"ee-media ee-gallery__media\" data-elementor-open-lightbox=\"yes\" data-elementor-lightbox-slideshow=\"80dc678_733\" data-elementor-lightbox-title=\"entrenamiento-artes-marciales\" data-e-action-hash=\"#elementor-action%3Aaction%3Dlightbox%26settings%3DeyJpZCI6ODQ2LCJ1cmwiOiJodHRwczpcL1wvZnVuZGFjaW9ua2Fpcm9zLm9yZ1wvd3AtY29udGVudFwvdXBsb2Fkc1wvMjAyNVwvMDlcL2VudHJlbmFtaWVudG8tYXJ0ZXMtbWFyY2lhbGVzLmpwZyIsInNsaWRlc2hvdyI6IjgwZGM2NzhfNzMzIn0%3D\" href=\"https:\/\/fundacionkairos.org\/wp-content\/uploads\/2025\/09\/entrenamiento-artes-marciales.jpg\">\n\t\t\t\t\t<div class=\"ee-media__wrapper ee-gallery__media-wrapper ee-gallery__tilt\"><div class=\"ee-media__thumbnail ee-gallery__media__thumbnail\">\n\t\t\t<img decoding=\"async\" src=\"https:\/\/fundacionkairos.org\/wp-content\/uploads\/2025\/09\/entrenamiento-artes-marciales.jpg\" title=\"entrenamiento-artes-marciales\" \/>\n\t\t<\/div><div class=\"ee-media__overlay ee-gallery__media__overlay\"><\/div><\/div>\n\t\t\t\t<\/a>\n\t\t\t<\/div><\/div>\n\t\t<\/div>\t\t\t\t<\/div>\n\t\t\t\t<\/div>\n\t\t\t\t\t<\/div>\n\t\t\t\t<\/div>\n\t\t<div class=\"elementor-element elementor-element-7b75abac e-flex e-con-boxed e-con e-parent\" data-id=\"7b75abac\" data-element_type=\"container\">\n\t\t\t\t\t<div class=\"e-con-inner\">\n\t\t\t\t<div class=\"elementor-element elementor-element-19460fb8 elementor-widget elementor-widget-spacer\" data-id=\"19460fb8\" data-element_type=\"widget\" data-widget_type=\"spacer.default\">\n\t\t\t\t<div class=\"elementor-widget-container\">\n\t\t\t\t\t\t\t<div class=\"elementor-spacer\">\n\t\t\t<div class=\"elementor-spacer-inner\"><\/div>\n\t\t<\/div>\n\t\t\t\t\t\t<\/div>\n\t\t\t\t<\/div>\n\t\t\t\t\t<\/div>\n\t\t\t\t<\/div>\n\t\t\t\t<\/div>","protected":false},"excerpt":{"rendered":"<p>En Fundaci\u00f3n Kair\u00f3s creemos que el deporte es una poderosa herramienta para formar car\u00e1cter, disciplina y confianza. Por eso, abrimos las puertas de nuestra Escuela de Artes Marciales, un espacio donde ni\u00f1os, j\u00f3venes y adultos de la comunidad pueden aprender, entrenar y crecer juntos. Ofrecemos clases de: Kick Boxing, para mejorar la fuerza, resistencia y [&hellip;]<\/p>","protected":false},"author":1,"featured_media":0,"parent":0,"menu_order":0,"comment_status":"closed","ping_status":"closed","template":"elementor_header_footer","meta":{"footnotes":""},"class_list":["post-733","page","type-page","status-publish","hentry"],"_links":{"self":[{"href":"https:\/\/fundacionkairos.org\/en\/wp-json\/wp\/v2\/pages\/733","targetHints":{"allow":["GET"]}}],"collection":[{"href":"https:\/\/fundacionkairos.org\/en\/wp-json\/wp\/v2\/pages"}],"about":[{"href":"https:\/\/fundacionkairos.org\/en\/wp-json\/wp\/v2\/types\/page"}],"author":[{"embeddable":true,"href":"https:\/\/fundacionkairos.org\/en\/wp-json\/wp\/v2\/users\/1"}],"replies":[{"embeddable":true,"href":"https:\/\/fundacionkairos.org\/en\/wp-json\/wp\/v2\/comments?post=733"}],"version-history":[{"count":13,"href":"https:\/\/fundacionkairos.org\/en\/wp-json\/wp\/v2\/pages\/733\/revisions"}],"predecessor-version":[{"id":944,"href":"https:\/\/fundacionkairos.org\/en\/wp-json\/wp\/v2\/pages\/733\/revisions\/944"}],"wp:attachment":[{"href":"https:\/\/fundacionkairos.org\/en\/wp-json\/wp\/v2\/media?parent=733"}],"curies":[{"name":"wp","href":"https:\/\/api.w.org\/{rel}","templated":true}]}}